{"id":52189,"date":"2019-06-21T00:53:23","date_gmt":"2019-06-20T16:53:23","guid":{"rendered":"https:\/\/www.lkingroup.co\/?post_type=product&#038;p=52189"},"modified":"2022-03-26T20:25:24","modified_gmt":"2022-03-26T12:25:24","slug":"1-2-noha-drate-lano-vazaci-naprstek-na-sroub-kotva-trmen-podlouhly-hlavni-clanek","status":"publish","type":"product","link":"https:\/\/www.lkingroup.co\/cs\/shop\/1-2-leg-wire-rope-sling-thimble-to-screw-anchor-shackle-oblong-master-link","title":{"rendered":"1\u2033 2noh\u00fd lankov\u00fd popruh Spojovac\u00ed n\u00e1prstek ke \u0161roubu Kotevn\u00ed t\u0159men Oblong Master"},"content":{"rendered":"<h2>1\u2033 Dvounoh\u00fd lankov\u00fd popruh N\u00e1prstek na \u0161roubov\u00fd kol\u00edk Kotevn\u00ed t\u0159men Podlouhl\u00fd hlavn\u00ed spoj<\/h2>\n<p><strong>Lanov\u00fd z\u00e1v\u011bs<\/strong> jsou vyr\u00e1b\u011bny v r\u016fzn\u00fdch konfigurac\u00edch, p\u0159i\u010dem\u017e 6\u00d719 a 6\u00d736 jsou dv\u011b nejb\u011b\u017en\u011bj\u0161\u00ed. \u010c\u00edsla p\u0159edstavuj\u00ed po\u010det dr\u00e1t\u016f tvo\u0159\u00edc\u00edch pramen a po\u010det pramen\u016f obalen\u00fdch kolem j\u00e1dra. Nap\u0159\u00edklad 6\u00d719 znamen\u00e1, \u017ee pramen tvo\u0159\u00ed 19 dr\u00e1t\u016f a 6 pramen\u016f je omotan\u00fdch kolem j\u00e1dra.<\/p>\n<p>Ka\u017ed\u00e1 konfigurace ocelov\u00e9ho lana bude nab\u00edzet r\u016fzn\u00e9 v\u00fdhody a bude se l\u00e9pe hodit pro ur\u010dit\u00e9 aplikace. Obecn\u011b plat\u00ed, \u017ee men\u0161\u00ed po\u010det velk\u00fdch vn\u011bj\u0161\u00edch dr\u00e1t\u016f nab\u00edz\u00ed lep\u0161\u00ed odolnost proti opot\u0159eben\u00ed a korozi, zat\u00edmco v\u011bt\u0161\u00ed po\u010det mal\u00fdch dr\u00e1t\u016f poskytuje lep\u0161\u00ed \u00farove\u0148 flexibility a odolnosti proti \u00fanav\u011b.<\/p>\n<p>Vaky z ocelov\u00e9ho lana nab\u00edz\u00edme v konfiguraci 6\u00d719 a 6\u00d736 v z\u00e1vislosti na pr\u016fm\u011bru lana. V\u0161echny jsou v leskl\u00e9m (nedokon\u010den\u00e9m) ocelov\u00e9m lan\u011b, ale jin\u00e9 konfigurace jsou k dispozici na vy\u017e\u00e1d\u00e1n\u00ed. Na\u0161e lanov\u00e9 smy\u010dky jsou vyr\u00e1b\u011bny z 7x7x7 galvanizovan\u00e9ho ocelov\u00e9ho lana (slo\u017een\u00e9ho ze 7 pramen\u016f 7x7 kabel\u016f), d\u00edky \u010demu\u017e jsou extr\u00e9mn\u011b flexibiln\u00ed a u\u017eite\u010dn\u00e9 pro specializovan\u011bj\u0161\u00ed aplikace.<\/p>\n<p><img fetchpriority=\"high\" decoding=\"async\" class=\"aligncenter size-full wp-image-52190\" src=\"https:\/\/www.lkingroup.co\/wp-content\/uploads\/2019\/06\/20190423225617_12095-1.jpg\" alt=\"1&quot; dvounoh\u00fd lankov\u00fd popruh N\u00e1prstek se \u0161roubovac\u00edm kol\u00edkem Kotevn\u00ed t\u0159men Podlouhl\u00fd hlavn\u00ed spoj\" width=\"680\" height=\"906\" srcset=\"https:\/\/www.lkingroup.co\/wp-content\/uploads\/2019\/06\/20190423225617_12095-1.jpg 680w, https:\/\/www.lkingroup.co\/wp-content\/uploads\/2019\/06\/20190423225617_12095-1-600x799.jpg 600w, https:\/\/www.lkingroup.co\/wp-content\/uploads\/2019\/06\/20190423225617_12095-1-225x300.jpg 225w\" sizes=\"(max-width: 680px) 100vw, 680px\" \/><\/p>\n<ul>\n<li>N\u00c1ST\u0158\u00cdK A \u0160ROUB KOTVOV\u00dd SHACKLE \u2013 Ide\u00e1ln\u00ed pro Pick and Place instalace d\u00edky snadn\u00e9mu vyjmut\u00ed nebo zaji\u0161t\u011bn\u00ed \u010depu.<\/li>\n<li>FLEMISH EYE SPLICED SWAGING \u2013 Konce popruhu jsou mechanicky tvarovan\u00e9, co\u017e umo\u017e\u0148uje v\u011bt\u0161\u00ed nosnosti. Smy\u010dky jsou zaji\u0161t\u011bny kovanou kovovou obj\u00edmkou p\u0159es spojenou oblast spolu s odoln\u00fdmi n\u00e1stavci, kter\u00e9 chr\u00e1n\u00ed konce popruhu.<\/li>\n<li>DVOJIT\u00c1 OZNA\u010cEN\u00cd PRO BEZPE\u010cNOST \u2013 Dva \u0161t\u00edtky se pou\u017e\u00edvaj\u00ed na z\u00e1v\u011bsech HSI k identifikaci WLL (mezi pracovn\u00ed z\u00e1t\u011b\u017ee). Riggers mohou odkazovat na kritick\u00e9 informace pro bezpe\u010dnou aplikaci z\u00e1v\u011bsu a shodu s OSHA.<\/li>\n<li>V\u011aT\u0160\u00cd ODOLNOST PROTI OPOT\u0158EBEN\u00cd \u2013 Klasifikace 6 x 25 IWRC (Independent Wire Rope Core) pro smy\u010dky z ocelov\u00fdch lan nab\u00edz\u00ed velk\u00e9 vn\u011bj\u0161\u00ed dr\u00e1ty, kter\u00e9 poskytuj\u00ed rovnov\u00e1hu mezi odolnost\u00ed proti \u00fanav\u011b a opot\u0159eben\u00edm.<\/li>\n<li>CHINA MADE RIGGING \u2013 LKS je hrd\u00e1 na to, \u017ee je od roku 1976 p\u0159edn\u00edm v\u00fdrobcem zdvihac\u00edch \u0159e\u0161en\u00ed se s\u00eddlem v \u010c\u00cdN\u011a pro pr\u016fmyslovou v\u00fdstavbu a stavebn\u00ed projekty. V\u0161echny smy\u010dky jsou vyr\u00e1b\u011bny v certifikovan\u00e9m za\u0159\u00edzen\u00ed ISO 9001:2015.<\/li>\n<\/ul>\n<div>\n<div>\n<h5>Specifikace produktu<\/h5>\n<table id=\"product-specification-table\" class=\"a-keyvalue\" border=\"1\" cellspacing=\"0\" cellpadding=\"0\">\n<tbody>\n<tr>\n<th>\u010c\u00edslo d\u00edlu<\/th>\n<td>LKS-WRS1167<\/td>\n<\/tr>\n<tr>\n<th>Nosnost<\/th>\n<td>34 000,00 liber<\/td>\n<\/tr>\n<tr>\n<th>Barva<\/th>\n<td>Kotevn\u00ed t\u0159men s n\u00e1prstkem a \u0161roubem<\/td>\n<\/tr>\n<tr>\n<th>v\u00e1ha p\u0159edm\u011btu<\/th>\n<td>88,2 libry<\/td>\n<\/tr>\n<tr>\n<th>Po\u010det polo\u017eek<\/th>\n<td>1<\/td>\n<\/tr>\n<tr>\n<th>Velikost<\/th>\n<td>D\u00e9lka 5 stop<\/td>\n<\/tr>\n<tr>\n<th>K\u00f3d UNSPSC<\/th>\n<td>24101638<\/td>\n<\/tr>\n<\/tbody>\n<\/table>\n<\/div>\n<div>\n<h5>Specifikace pro tuto produktovou \u0159adu<\/h5>\n<table id=\"product-specification-table\" class=\"a-keyvalue\" style=\"height: 45px;\" border=\"1\" width=\"212\" cellspacing=\"0\" cellpadding=\"0\">\n<tbody>\n<tr>\n<th>Jm\u00e9no zna\u010dky<\/th>\n<td>LKS<\/td>\n<\/tr>\n<\/tbody>\n<\/table>\n<\/div>\n<\/div>\n<h2><\/h2>\n<h2><\/h2>\n<h2>Popis v\u00fdrobku<\/h2>\n<div>\n<div>Velikost:<strong>D\u00e9lka 5 stop<\/strong> | Barva:<strong>Kotevn\u00ed t\u0159men s n\u00e1prstkem a \u0161roubem<\/strong><\/div>\n<p>&nbsp;<\/p>\n<p><strong>Popis:<\/strong><\/p>\n<p>Kdy\u017e hled\u00e1te s\u00edlu a odolnost na dal\u0161\u00ed velk\u00e9 mont\u00e1\u017en\u00ed pr\u00e1ci, nehledejte nic jin\u00e9ho ne\u017e na\u0161i \u0159adu z\u00e1v\u011bsn\u00fdch lan LKS. K dispozici je \u0161irok\u00e1 \u0161k\u00e1la velikost\u00ed a styl\u016f, a\u0165 u\u017e pracujete na zved\u00e1ku s mal\u00fdm n\u00e1kladem nebo se p\u0159ipravujete na man\u00e9vrov\u00e1n\u00ed s masivn\u00edm t\u011b\u017ek\u00fdm prvkem. Na\u0161e smy\u010dky jsou tu, aby vy\u0159e\u0161ily va\u0161e probl\u00e9my se zved\u00e1n\u00edm, zved\u00e1n\u00edm a ta\u017een\u00edm.<\/p>\n<p>Lanov\u00e9 smy\u010dky LKS se montuj\u00ed v za\u0159\u00edzen\u00ed s certifikac\u00ed ISO 9001:2015, kde je prioritou kvalita, bezpe\u010dnost a efektivita. Audity jsou prov\u00e1d\u011bny ka\u017ed\u00fd rok nez\u00e1vislou t\u0159et\u00ed stranou, aby bylo zaji\u0161t\u011bno, \u017ee v\u00fdrobce dodr\u017euje stanoven\u00e9 normy.<\/p>\n<p>Dvounoh\u00e9 z\u00e1v\u011bsn\u00e9 lano je v\u00edce\u00fa\u010delov\u00e9 a je ur\u010deno pro v\u00fdtahy, kde je mo\u017en\u00e9 p\u0159ipevn\u011bn\u00ed p\u0159\u00edmo k n\u00e1kladu. To by zahrnovalo situace, jako je zah\u00e1knut\u00ed do zvedac\u00edch ok nebo um\u00edst\u011bn\u00ed smy\u010dek p\u0159es oka. Ka\u017ed\u00e9 oko na t\u011bchto smy\u010dk\u00e1ch je vytvo\u0159eno pomoc\u00ed mechanick\u00e9ho spoje Flemish Eye Splice. Tento proces umo\u017e\u0148uje nejefektivn\u011bj\u0161\u00ed vyu\u017eit\u00ed kapacity lana u vysoce kvalitn\u00ed oceli, proto\u017ee tah je p\u0159\u00edmo pod\u00e9l st\u0159edov\u00e9 linie lana a oka.<\/p>\n<ul>\n<li>Pr\u016fm\u011br dr\u00e1t\u011bn\u00e9ho lana \u2013 1 palec.<\/li>\n<li>Armatury svorek \u2013 t\u0159men kotvy s n\u00e1prstkem a \u0161roubem<\/li>\n<li>Z\u00e1v\u011bsn\u00e9 nohy \u2013 2<\/li>\n<li>D\u00e9lka popruhu \u2013 5 stop<\/li>\n<li>Jmenovit\u00e1 kapacita ko\u0161e 60 stup\u0148\u016f \u2013 17 tun<\/li>\n<li>Jmenovit\u00e1 kapacita ko\u0161e 45 stup\u0148\u016f \u2013 14 tun<\/li>\n<li>Jmenovit\u00e1 kapacita ko\u0161e 30 stup\u0148\u016f \u2013 9,8 tuny<\/li>\n<\/ul>\n<p><strong>Specifikace podlouhl\u00e9ho hlavn\u00edho spoje slitiny<\/strong>:<\/p>\n<ul>\n<li>Pr\u016fm\u011br - 1-1\/2 palce<\/li>\n<li>Hmotnost - 18,6 kg<\/li>\n<li>\u0160\u00ed\u0159ka otvoru \u2013 5,9 palce<\/li>\n<li>D\u00e9lka otev\u0159en\u00ed - 10,50 palce<\/li>\n<\/ul>\n<p><strong>Shoda s bezpe\u010dnost\u00ed:<\/strong><\/p>\n<ul>\n<li>OSHA: Sling Safety, Hlava 29 Code of Federal Regulations, Part 1910.184<\/li>\n<li>ISO 8792:1986, Lanov\u00e1 smy\u010dka \u2013 Bezpe\u010dnostn\u00ed krit\u00e9ria a kontroln\u00ed postupy pro pou\u017eit\u00ed<\/li>\n<li>ISO 7531:1987, Vaky z ocelov\u00fdch lan pro v\u0161eobecn\u00e9 \u00fa\u010dely \u2013 Charakteristiky a specifikace<\/li>\n<li>Normy ASME B30.9-2018 pro z\u00e1v\u011bsy<\/li>\n<\/ul>\n<\/div>","protected":false},"excerpt":{"rendered":"<ul>\n<li>Pr\u016fm\u011br dr\u00e1t\u011bn\u00e9ho lana \u2013 1 palec.<\/li>\n<li>Armatury svorek \u2013 t\u0159men kotvy s n\u00e1prstkem a \u0161roubem<\/li>\n<li>Z\u00e1v\u011bsn\u00e9 nohy \u2013 2<\/li>\n<li>D\u00e9lka popruhu \u2013 5 stop<\/li>\n<li>Jmenovit\u00e1 kapacita ko\u0161e 60 stup\u0148\u016f \u2013 17 tun<\/li>\n<li>Jmenovit\u00e1 kapacita ko\u0161e 45 stup\u0148\u016f \u2013 14 tun<\/li>\n<li>Jmenovit\u00e1 kapacita ko\u0161e 30 stup\u0148\u016f \u2013 9,8 tuny<\/li>\n<\/ul>","protected":false},"featured_media":52191,"comment_status":"open","ping_status":"closed","template":"","meta":{"site-sidebar-layout":"default","site-content-layout":"","ast-site-content-layout":"default","site-content-style":"default","site-sidebar-style":"default","ast-global-header-display":"","ast-banner-title-visibility":"","ast-main-header-display":"","ast-hfb-above-header-display":"","ast-hfb-below-header-display":"","ast-hfb-mobile-header-display":"","site-post-title":"","ast-breadcrumbs-content":"","ast-featured-img":"","footer-sml-layout":"","ast-disable-related-posts":"","theme-transparent-header-meta":"","adv-header-id-meta":"","stick-header-meta":"","header-above-stick-meta":"","header-main-stick-meta":"","header-below-stick-meta":"","astra-migrate-meta-layouts":"default","ast-page-background-enabled":"default","ast-page-background-meta":{"desktop":{"background-color":"","background-image":"","background-repeat":"repeat","background-position":"center center","background-size":"auto","background-attachment":"scroll","background-type":"","background-media":"","overlay-type":"","overlay-color":"","overlay-opacity":"","overlay-gradient":""},"tablet":{"background-color":"","background-image":"","background-repeat":"repeat","background-position":"center center","background-size":"auto","background-attachment":"scroll","background-type":"","background-media":"","overlay-type":"","overlay-color":"","overlay-opacity":"","overlay-gradient":""},"mobile":{"background-color":"","background-image":"","background-repeat":"repeat","background-position":"center center","background-size":"auto","background-attachment":"scroll","background-type":"","background-media":"","overlay-type":"","overlay-color":"","overlay-opacity":"","overlay-gradient":""}},"ast-content-background-meta":{"desktop":{"background-color":"var(--ast-global-color-5)","background-image":"","background-repeat":"repeat","background-position":"center center","background-size":"auto","background-attachment":"scroll","background-type":"","background-media":"","overlay-type":"","overlay-color":"","overlay-opacity":"","overlay-gradient":""},"tablet":{"background-color":"var(--ast-global-color-5)","background-image":"","background-repeat":"repeat","background-position":"center center","background-size":"auto","background-attachment":"scroll","background-type":"","background-media":"","overlay-type":"","overlay-color":"","overlay-opacity":"","overlay-gradient":""},"mobile":{"background-color":"var(--ast-global-color-5)","background-image":"","background-repeat":"repeat","background-position":"center center","background-size":"auto","background-attachment":"scroll","background-type":"","background-media":"","overlay-type":"","overlay-color":"","overlay-opacity":"","overlay-gradient":""}}},"product_brand":[],"product_cat":[92],"product_tag":[104,110,97],"class_list":{"0":"post-52189","1":"product","2":"type-product","3":"status-publish","4":"has-post-thumbnail","6":"product_cat-wire-rope-sling","7":"product_tag-2-legs-wire-rope-sling","8":"product_tag-lifting-slings","9":"product_tag-wire-rope-sling","10":"desktop-align-center","11":"tablet-align-center","12":"mobile-align-center","13":"ast-product-gallery-layout-horizontal","14":"ast-product-tabs-layout-horizontal","16":"first","17":"instock","18":"shipping-taxable","19":"product-type-simple"},"_links":{"self":[{"href":"https:\/\/www.lkingroup.co\/cs\/wp-json\/wp\/v2\/product\/52189","targetHints":{"allow":["GET"]}}],"collection":[{"href":"https:\/\/www.lkingroup.co\/cs\/wp-json\/wp\/v2\/product"}],"about":[{"href":"https:\/\/www.lkingroup.co\/cs\/wp-json\/wp\/v2\/types\/product"}],"replies":[{"embeddable":true,"href":"https:\/\/www.lkingroup.co\/cs\/wp-json\/wp\/v2\/comments?post=52189"}],"wp:featuredmedia":[{"embeddable":true,"href":"https:\/\/www.lkingroup.co\/cs\/wp-json\/wp\/v2\/media\/52191"}],"wp:attachment":[{"href":"https:\/\/www.lkingroup.co\/cs\/wp-json\/wp\/v2\/media?parent=52189"}],"wp:term":[{"taxonomy":"product_brand","embeddable":true,"href":"https:\/\/www.lkingroup.co\/cs\/wp-json\/wp\/v2\/product_brand?post=52189"},{"taxonomy":"product_cat","embeddable":true,"href":"https:\/\/www.lkingroup.co\/cs\/wp-json\/wp\/v2\/product_cat?post=52189"},{"taxonomy":"product_tag","embeddable":true,"href":"https:\/\/www.lkingroup.co\/cs\/wp-json\/wp\/v2\/product_tag?post=52189"}],"curies":[{"name":"wp","href":"https:\/\/api.w.org\/{rel}","templated":true}]}}