{"id":71049,"date":"2022-03-26T20:02:31","date_gmt":"2022-03-26T12:02:31","guid":{"rendered":"https:\/\/www.lkingroup.co\/?post_type=product&#038;p=71049"},"modified":"2022-03-26T20:48:02","modified_gmt":"2022-03-26T12:48:02","slug":"ozdobne-krouzky-na-klice-na-miru-vyrobene-z-oceloveho-lana","status":"publish","type":"product","link":"https:\/\/www.lkingroup.co\/cs\/shop\/customized-style-fancy-key-rings-made-by-steel-wire-rope","title":{"rendered":"Efektn\u00ed krou\u017eky na kl\u00ed\u010de na m\u00edru vyroben\u00e9 z ocelov\u00e9ho lana"},"content":{"rendered":"<div data-section=\"AliPostDhMb-zttn0\" data-section-title=\"Product Description\" id=\"ali-anchor-AliPostDhMb-zttn0\" style=\"padding-top: 8px\">\n<div id=\"ali-title-AliPostDhMb-zttn0\" style=\"padding: 8px 0;border-bottom: 1px solid #ddd\">     <span style=\"background-color: #ddd;color: #333;font-weight: bold;padding: 8px 10px;line-height: 12px\">Popis v\u00fdrobku<\/span>    <\/div>\n<div style=\"padding: 10px 0\">\n<table border=\"1\" style=\"margin: 0px;padding: 0px;font-style: normal;font-weight: 400;font-size: 12px;line-height: inherit;font-family: Arial,Helvetica;border-collapse: collapse;width: 679px;color: #333333;background-color: #ffffff\">\n<tbody>\n<tr style=\"margin: 0px;padding: 0px;font-style: inherit;font-weight: inherit;font-size: 12px;line-height: inherit;height: 32px\">\n<td style=\"margin: 0px;padding: 0px;font-style: inherit;font-weight: 400;font-size: 12px;line-height: inherit;float: none;width: 163px;height: 32px\"><span style=\"color: #000000\"><strong><span style=\"font-family: Calibri, 'zapf dingbats';font-size: 18px\"><span style=\"margin: 0px;padding: 0px;border: 0px;font-style: inherit;line-height: 27px;vertical-align: baseline\">Materi\u00e1l<\/span><\/span><\/strong><\/span><\/td>\n<td style=\"margin: 0px;padding: 0px;font-style: inherit;font-weight: 400;font-size: 12px;line-height: inherit;float: none;width: 514px;height: 32px\">\n<p style=\"margin: 0px;padding: 0px;border: 0px;font-style: inherit;font-weight: inherit;font-size: inherit;line-height: inherit;vertical-align: baseline\"><span style=\"margin: 0px;padding: 0px;border: 0px;font-style: inherit;line-height: 27px;vertical-align: baseline;font-family: Calibri, 'zapf dingbats';font-size: 18px;color: #000000\">pozinkovan\u00e1 ocel nebo nerezov\u00e1 ocel<\/span><\/p>\n<\/td>\n<\/tr>\n<tr style=\"margin: 0px;padding: 0px;font-style: inherit;font-weight: inherit;font-size: 12px;line-height: inherit;height: 30px\">\n<td style=\"margin: 0px;padding: 0px;font-style: inherit;font-weight: 400;font-size: 12px;line-height: inherit;float: none;width: 163px;height: 30px\"><span style=\"color: #000000;font-family: Calibri, 'zapf dingbats'\"><strong><span style=\"font-size: 18px\"><span style=\"margin: 0px;padding: 0px;border: 0px;font-style: inherit;line-height: 27px;vertical-align: baseline\"><span style=\"font-style: normal;text-align: left;background-color: #ffffff;float: none\">Konstrukce<\/span><\/span><\/span><\/strong><\/span><\/td>\n<td style=\"margin: 0px;padding: 0px;font-style: inherit;font-weight: 400;font-size: 12px;line-height: inherit;float: none;width: 514px;height: 30px\"><span style=\"font-size: 18px;color: #000000;font-family: Calibri, 'zapf dingbats'\">1\u00d77, 1\u00d719, 6\u00d77, 7\u00d77, 6\u00d719, 7\u00d719 atd.<\/span><\/td>\n<\/tr>\n<tr style=\"margin: 0px;padding: 0px;font-style: inherit;font-weight: inherit;font-size: 12px;line-height: inherit;height: 30px\">\n<td style=\"margin: 0px;padding: 0px;font-style: inherit;font-weight: 400;font-size: 12px;line-height: inherit;float: none;width: 163px;height: 30px\"><span style=\"color: #000000;font-family: Calibri, 'zapf dingbats'\"><strong><span style=\"font-size: 18px\"><span style=\"margin: 0px;padding: 0px;border: 0px;font-style: inherit;line-height: 27px;vertical-align: baseline\">Pr\u016fm\u011br<\/span><\/span><\/strong><\/span><\/td>\n<td style=\"margin: 0px;padding: 0px;font-style: inherit;font-weight: 400;font-size: 12px;line-height: inherit;float: none;width: 514px;height: 30px\"><span style=\"color: #000000;font-family: Calibri, 'zapf dingbats';font-size: 18px;font-style: normal;font-weight: 400;text-align: left;background-color: #ffffff;float: none\">1-20 mm<\/span><\/td>\n<\/tr>\n<tr style=\"margin: 0px;padding: 0px;font-style: inherit;font-weight: inherit;font-size: 12px;line-height: inherit;height: 30px\">\n<td style=\"margin: 0px;padding: 0px;font-style: inherit;font-weight: 400;font-size: 12px;line-height: inherit;float: none;width: 163px;height: 30px\"><span style=\"color: #000000;font-family: Calibri, 'zapf dingbats'\"><strong><span style=\"font-size: 18px\"><span style=\"margin: 0px;padding: 0px;border: 0px;font-style: inherit;line-height: 27px;vertical-align: baseline\">Balen\u00ed<\/span><\/span><\/strong><\/span><\/td>\n<td style=\"margin: 0px;padding: 0px;font-style: inherit;font-weight: 400;font-size: 12px;line-height: inherit;float: none;width: 514px;height: 30px\"><span style=\"color: #000000;font-size: 18px;font-style: normal;font-weight: 400;text-align: left;background-color: #ffffff;float: none;font-family: Calibri, 'zapf dingbats'\"><span style=\"color: #000000;font-size: 18px;font-style: normal;font-weight: 400;text-align: left;background-color: #ffffff;float: none\">D\u0159ev\u011bn\u00e9 kotou\u010de, svitky<\/span><\/span><\/td>\n<\/tr>\n<tr style=\"margin: 0px;padding: 0px;font-style: inherit;font-weight: inherit;font-size: 12px;line-height: inherit;height: 30px\">\n<td style=\"margin: 0px;padding: 0px;font-style: inherit;font-weight: 400;font-size: 12px;line-height: inherit;float: none;width: 163px;height: 30px\"><span style=\"color: #000000;font-family: Calibri, 'zapf dingbats'\"><strong><span style=\"font-size: 18px\"><span style=\"margin: 0px;padding: 0px;border: 0px;font-style: inherit;line-height: 27px;vertical-align: baseline\">HS k\u00f3d<\/span><\/span><\/strong><\/span><\/td>\n<td style=\"margin: 0px;padding: 0px;font-style: inherit;font-weight: 400;font-size: 12px;line-height: inherit;float: none;width: 514px;height: 30px\"><span style=\"color: #000000;font-family: Calibri, 'zapf dingbats';font-size: 18px;font-style: normal;font-weight: 400;text-align: left;background-color: #ffffff;float: none\">7312100000<\/span><\/td>\n<\/tr>\n<tr style=\"margin: 0px;padding: 0px;font-style: inherit;font-weight: inherit;font-size: 12px;line-height: inherit;height: 30px\">\n<td style=\"margin: 0px;padding: 0px;font-style: inherit;font-weight: 400;font-size: 12px;line-height: inherit;float: none;width: 163px;height: 30px\"><span style=\"color: #000000\"><strong><span style=\"font-family: Calibri, 'zapf dingbats';font-size: 18px\"><span style=\"margin: 0px;padding: 0px;border: 0px;font-style: inherit;line-height: 27px;vertical-align: baseline\">M\u00edsto p\u016fvodu<\/span><\/span><\/strong><\/span><\/td>\n<td style=\"margin: 0px;padding: 0px;font-style: inherit;font-weight: 400;font-size: 12px;line-height: inherit;float: none;width: 514px;height: 30px\"><span style=\"margin: 0px;padding: 0px;border: 0px;font-style: inherit;line-height: 27px;vertical-align: baseline;font-family: Calibri, 'zapf dingbats';font-size: 18px;color: #000000\">\u0160anghaj, \u010c\u00edna<\/span><\/td>\n<\/tr>\n<tr style=\"margin: 0px;padding: 0px;font-style: inherit;font-weight: inherit;font-size: 12px;line-height: inherit;height: 54px\">\n<td style=\"margin: 0px;padding: 0px;font-style: inherit;font-weight: 400;font-size: 12px;line-height: inherit;float: none;width: 163px;height: 54px\"><span style=\"color: #000000\"><strong><span style=\"font-family: Calibri, 'zapf dingbats';font-size: 18px\"><span style=\"margin: 0px;padding: 0px;border: 0px;font-style: inherit;line-height: 27px;vertical-align: baseline\">Vzorek<\/span><\/span><\/strong><\/span><\/td>\n<td style=\"margin: 0px;padding: 0px;font-style: inherit;font-weight: 400;font-size: 12px;line-height: inherit;float: none;width: 514px;height: 54px\"><span style=\"margin: 0px;padding: 0px;border: 0px;font-style: inherit;line-height: 27px;vertical-align: baseline;font-family: Calibri, 'zapf dingbats';font-size: 18px;color: #000000\">M\u016f\u017eeme poskytnout referen\u010dn\u00ed vzorky, pokud jsou k dispozici na sklad\u011b, ale n\u00e1klady na dod\u00e1n\u00ed vzorku by m\u011bl n\u00e9st z\u00e1kazn\u00edk.<\/span><\/td>\n<\/tr>\n<\/tbody>\n<\/table><\/div>\n<\/p><\/div>\n<div data-section=\"AliPostDhMb-h7vp7\" data-section-title=\"Product Show\" id=\"ali-anchor-AliPostDhMb-h7vp7\" style=\"padding-top: 8px\">\n<div id=\"ali-title-AliPostDhMb-h7vp7\" style=\"padding: 8px 0;border-bottom: 1px solid #ddd\">     <span style=\"background-color: #ddd;color: #333;font-weight: bold;padding: 8px 10px;line-height: 12px\">Zobrazit produkt<\/span>    <\/div>\n<div style=\"padding: 10px 0\">\n<p>&nbsp;<img decoding=\"async\" alt=\"ozdobn\u00e9 krou\u017eky na kl\u00ed\u010de na m\u00edru vyroben\u00e9 z ocelov\u00e9ho lana\" src=\"\/\/sc01.alicdn.com\/kf\/Ha78553e6cbe04a9e9fd5abdbabc01c49S\/237848973\/Ha78553e6cbe04a9e9fd5abdbabc01c49S.jpg\"><img decoding=\"async\" alt=\"ozdobn\u00e9 krou\u017eky na kl\u00ed\u010de na m\u00edru vyroben\u00e9 z ocelov\u00e9ho lana\" src=\"\/\/sc01.alicdn.com\/kf\/Hce305067398e44fda34209b6ee7484d46\/237848973\/Hce305067398e44fda34209b6ee7484d46.jpg\"><img decoding=\"async\" alt=\"ozdobn\u00e9 krou\u017eky na kl\u00ed\u010de na m\u00edru vyroben\u00e9 z ocelov\u00e9ho lana\" src=\"\/\/sc02.alicdn.com\/kf\/H159a17f1ea9e4c53957ff65b26db7f83A\/237848973\/H159a17f1ea9e4c53957ff65b26db7f83A.jpg\"><img decoding=\"async\" alt=\"ozdobn\u00e9 krou\u017eky na kl\u00ed\u010de na m\u00edru vyroben\u00e9 z ocelov\u00e9ho lana\" src=\"\/\/sc01.alicdn.com\/kf\/Hfe286bb152d747bfb85215e163d92a91x\/237848973\/Hfe286bb152d747bfb85215e163d92a91x.jpg\"><\/p>\n<\/p><\/div>\n<\/p><\/div>\n<div data-section=\"AliPostDhMb-s50yr\" data-section-title=\"Application\" id=\"ali-anchor-AliPostDhMb-s50yr\" style=\"padding-top: 8px\">\n<div id=\"ali-title-AliPostDhMb-s50yr\" style=\"padding: 8px 0;border-bottom: 1px solid #ddd\">     <span style=\"background-color: #ddd;color: #333;font-weight: bold;padding: 8px 10px;line-height: 12px\">aplikace<\/span>    <\/div>\n<div style=\"padding: 10px 0\">\n<p>&nbsp;<img decoding=\"async\" alt=\"ozdobn\u00e9 krou\u017eky na kl\u00ed\u010de na m\u00edru vyroben\u00e9 z ocelov\u00e9ho lana\" src=\"\/\/sc01.alicdn.com\/kf\/H40c712b45c9d4748b75f3609b455a23c0\/237848973\/H40c712b45c9d4748b75f3609b455a23c0.jpg\"><\/p>\n<\/p><\/div>\n<p>    <span style=\"background-color: #ddd;color: #333;font-weight: bold;padding: 8px 10px;line-height: 12px\">V\u00fdrobn\u00ed tok<\/span>   <\/div>\n<div data-section=\"AliPostDhMb-ji1d8\" data-section-title=\"FAQ\" id=\"ali-anchor-AliPostDhMb-ji1d8\" style=\"padding-top: 8px\">\n<div id=\"ali-title-AliPostDhMb-ji1d8\" style=\"padding: 8px 0;border-bottom: 1px solid #ddd\">\n<table border=\"1\" cellpadding=\"1\" cellspacing=\"1\" style=\"width: 650px\">\n<tbody>\n<tr>\n<td style=\"text-align: center\"><strong>Ne.<\/strong><\/td>\n<td style=\"text-align: center\"><strong>Produk\u010dn\u00ed proces<\/strong><\/td>\n<td style=\"text-align: center\"><strong>Ne.<\/strong><\/td>\n<td style=\"text-align: center\"><strong>Produk\u010dn\u00ed proces<\/strong><\/td>\n<td style=\"text-align: center\"><strong>Ne.<\/strong><\/td>\n<td style=\"text-align: center\"><strong>Produk\u010dn\u00ed proces<\/strong><\/td>\n<\/tr>\n<tr>\n<td style=\"text-align: center\"><strong>1<\/strong><\/td>\n<td style=\"text-align: center\">\n<p><strong><img decoding=\"async\" src=\"https:\/\/s3.amazonaws.com\/image-album\/126518\/20200630\/4bd8df0169c75adce42ed44606df4aec.jpg\" alt=\"\"><br \/> Surovina<\/strong><\/p>\n<\/td>\n<td style=\"text-align: center\"><strong>2<\/strong><\/td>\n<td style=\"text-align: center\">\n<p><strong><img decoding=\"async\" src=\"https:\/\/s3.amazonaws.com\/image-album\/126518\/20200630\/5728bb1b5dbc472506c88d085b737a5c.jpg\" alt=\"\"><br \/> Kreslic\u00ed lavicov\u00fd stroj<\/strong><\/p>\n<\/td>\n<td style=\"text-align: center\"><strong>3<\/strong><\/td>\n<td style=\"text-align: center\">\n<p><strong><img decoding=\"async\" src=\"https:\/\/s3.amazonaws.com\/image-album\/126518\/20200630\/2d0d503c03f15e3a3cb903d3ca4430c4.jpg\" alt=\"\"><br \/> Vysokorychlostn\u00ed dvojit\u00fd Twister<\/strong><\/p>\n<\/td>\n<\/tr>\n<tr>\n<td style=\"text-align: center\"><strong>4<\/strong><\/td>\n<td style=\"text-align: center\">\n<p><strong><img decoding=\"async\" src=\"https:\/\/s3.amazonaws.com\/image-album\/126518\/20200630\/274f366ae5221da23ec4b2ba104c9a43.jpg\" alt=\"\"><br \/> Vysokorychlostn\u00ed Twister<\/strong><\/p>\n<\/td>\n<td style=\"text-align: center\"><strong>5<\/strong><\/td>\n<td style=\"text-align: center\">\n<p><strong><img decoding=\"async\" src=\"https:\/\/s3.amazonaws.com\/image-album\/126518\/20200630\/a89d9ae1a7fbb9891ab574424a022353.jpg\" alt=\"\"><br \/> Zav\u00edrac\u00ed stroj<\/strong><\/p>\n<\/td>\n<td style=\"text-align: center\"><strong>6<\/strong><\/td>\n<td style=\"text-align: center\">\n<p><strong><img decoding=\"async\" src=\"https:\/\/s3.amazonaws.com\/image-album\/126518\/20200630\/f7eaabcce7102b877119c9e203634340.jpg\" alt=\"\"><br \/> Sklad<\/strong><\/p>\n<\/td>\n<\/tr>\n<\/tbody>\n<\/table>\n<div style=\"text-align: center\">      &nbsp;     <\/div>\n<\/p><\/div>\n<\/p><\/div>\n<p>   <strong>FAQ<\/strong>   <\/p>\n<p>Ot\u00e1zka: V\u00fdrobce nebo obchodn\u00edk?<br \/> A: Jsme v\u00fdrobcem v dr\u00e1t\u011bn\u00e9m pr\u016fmyslu v\u00edce ne\u017e 20 let.&nbsp;<\/p>\n<p> Ot\u00e1zka: V\u00fdrobn\u00ed kapacita?<br \/> Odpov\u011b\u010f: Celkov\u00e1 v\u00fdrobn\u00ed kapacita je 9 000 tun za m\u011bs\u00edc. V\u00fdrobn\u00ed kapacita tohoto produktu je 1500 tun za m\u011bs\u00edc.<\/p>\n<p> Ot\u00e1zka: Hlavn\u00ed trh?<br \/> A: Na\u0161\u00edm hlavn\u00edm trhem jsou zahrani\u010dn\u00ed z\u00e1kazn\u00edci. 80% produkt\u016f je ur\u010deno na export. Hlavn\u00ed zem\u011b jsou Japonsko, Ji\u017en\u00ed Korea, oblast ji\u017en\u00ed Asie, Evropa, Amerika, Kanada a Ji\u017en\u00ed Amerika atd.<\/p>\n<p> Ot\u00e1zka: Jak\u00e9 informace bych m\u011bl poskytnout p\u0159i dotazov\u00e1n\u00ed?<br \/> A: Pr\u016fm\u011br p\u0159ed pota\u017een\u00edm PVC; po PVC povlaku, po\u017eadavek na j\u00e1drov\u00fd dr\u00e1tovit\u00fd zinkov\u00fd povlak, pevnost v tahu, balen\u00ed, barva<\/p>\n<p> Ot\u00e1zka: Co je MOQ?<br \/> Odpov\u011b\u010f: Pro kontrolu kvality p\u0159ij\u00edm\u00e1me objedn\u00e1vky v mal\u00e9m mno\u017estv\u00ed, jako je jedna c\u00edvka. Pro b\u011b\u017enou spolupr\u00e1ci preferujeme mno\u017estv\u00ed kontejner\u016f FCL, abychom zajistili bezpe\u010dnost zbo\u017e\u00ed p\u0159i p\u0159eprav\u011b.<\/p>\n<p> Ot\u00e1zka: Jak\u00e1 je platebn\u00ed lh\u016fta?<br \/> A: T\/T; L\/C; D\/P atd<\/p>\n<p> Ot\u00e1zka: K dispozici bezplatn\u00fd vzorek?<br \/> A: Ano. K dispozici je bezplatn\u00fd vzorek do 1 kg<\/p>\n<p> Ot\u00e1zka: Je k dispozici kontrola t\u0159et\u00ed strany?<br \/> Odpov\u011b\u010f: Ano, k dispozici. Poplatky jsou na kupuj\u00edc\u00edm.<\/p>","protected":false},"excerpt":{"rendered":"<p>Product Description Material galvanized steel or stainless steel Constuction 1&#215;7, 1&#215;19, 6&#215;7, 7&#215;7, 6&#215;19, 7&#215;19, etc Diameter 1-20mm Packing Wooden reels, coils HS Code 7312100000 Place of Origin Shanghai, China Sample We&nbsp;can provide reference samples if available in stock, but the sample delivery cost should be borne by customer. Product Show &nbsp; Application &nbsp; Production [&hellip;]<\/p>\n","protected":false},"featured_media":71190,"comment_status":"open","ping_status":"closed","template":"","meta":{"site-sidebar-layout":"","site-content-layout":"","ast-site-content-layout":"default","site-content-style":"default","site-sidebar-style":"default","ast-global-header-display":"","ast-banner-title-visibility":"","ast-main-header-display":"","ast-hfb-above-header-display":"","ast-hfb-below-header-display":"","ast-hfb-mobile-header-display":"","site-post-title":"","ast-breadcrumbs-content":"","ast-featured-img":"","footer-sml-layout":"","ast-disable-related-posts":"","theme-transparent-header-meta":"","adv-header-id-meta":"","stick-header-meta":"","header-above-stick-meta":"","header-main-stick-meta":"","header-below-stick-meta":"","astra-migrate-meta-layouts":"default","ast-page-background-enabled":"default","ast-page-background-meta":{"desktop":{"background-color":"","background-image":"","background-repeat":"repeat","background-position":"center center","background-size":"auto","background-attachment":"scroll","background-type":"","background-media":"","overlay-type":"","overlay-color":"","overlay-opacity":"","overlay-gradient":""},"tablet":{"background-color":"","background-image":"","background-repeat":"repeat","background-position":"center center","background-size":"auto","background-attachment":"scroll","background-type":"","background-media":"","overlay-type":"","overlay-color":"","overlay-opacity":"","overlay-gradient":""},"mobile":{"background-color":"","background-image":"","background-repeat":"repeat","background-position":"center center","background-size":"auto","background-attachment":"scroll","background-type":"","background-media":"","overlay-type":"","overlay-color":"","overlay-opacity":"","overlay-gradient":""}},"ast-content-background-meta":{"desktop":{"background-color":"var(--ast-global-color-5)","background-image":"","background-repeat":"repeat","background-position":"center center","background-size":"auto","background-attachment":"scroll","background-type":"","background-media":"","overlay-type":"","overlay-color":"","overlay-opacity":"","overlay-gradient":""},"tablet":{"background-color":"var(--ast-global-color-5)","background-image":"","background-repeat":"repeat","background-position":"center center","background-size":"auto","background-attachment":"scroll","background-type":"","background-media":"","overlay-type":"","overlay-color":"","overlay-opacity":"","overlay-gradient":""},"mobile":{"background-color":"var(--ast-global-color-5)","background-image":"","background-repeat":"repeat","background-position":"center center","background-size":"auto","background-attachment":"scroll","background-type":"","background-media":"","overlay-type":"","overlay-color":"","overlay-opacity":"","overlay-gradient":""}}},"product_brand":[],"product_cat":[94],"product_tag":[],"class_list":{"0":"post-71049","1":"product","2":"type-product","3":"status-publish","4":"has-post-thumbnail","6":"product_cat-wire-rope-assembly","7":"desktop-align-center","8":"tablet-align-center","9":"mobile-align-center","10":"ast-product-gallery-layout-horizontal","11":"ast-product-tabs-layout-horizontal","13":"first","14":"instock","15":"shipping-taxable","16":"purchasable","17":"product-type-simple"},"_links":{"self":[{"href":"https:\/\/www.lkingroup.co\/cs\/wp-json\/wp\/v2\/product\/71049","targetHints":{"allow":["GET"]}}],"collection":[{"href":"https:\/\/www.lkingroup.co\/cs\/wp-json\/wp\/v2\/product"}],"about":[{"href":"https:\/\/www.lkingroup.co\/cs\/wp-json\/wp\/v2\/types\/product"}],"replies":[{"embeddable":true,"href":"https:\/\/www.lkingroup.co\/cs\/wp-json\/wp\/v2\/comments?post=71049"}],"wp:featuredmedia":[{"embeddable":true,"href":"https:\/\/www.lkingroup.co\/cs\/wp-json\/wp\/v2\/media\/71190"}],"wp:attachment":[{"href":"https:\/\/www.lkingroup.co\/cs\/wp-json\/wp\/v2\/media?parent=71049"}],"wp:term":[{"taxonomy":"product_brand","embeddable":true,"href":"https:\/\/www.lkingroup.co\/cs\/wp-json\/wp\/v2\/product_brand?post=71049"},{"taxonomy":"product_cat","embeddable":true,"href":"https:\/\/www.lkingroup.co\/cs\/wp-json\/wp\/v2\/product_cat?post=71049"},{"taxonomy":"product_tag","embeddable":true,"href":"https:\/\/www.lkingroup.co\/cs\/wp-json\/wp\/v2\/product_tag?post=71049"}],"curies":[{"name":"wp","href":"https:\/\/api.w.org\/{rel}","templated":true}]}}