{"id":71050,"date":"2022-03-26T20:02:31","date_gmt":"2022-03-26T12:02:31","guid":{"rendered":"https:\/\/www.lkingroup.co\/?post_type=product&#038;p=71050"},"modified":"2022-03-26T20:41:48","modified_gmt":"2022-03-26T12:41:48","slug":"kleste-na-odizolovani-kabelu-dratu","status":"publish","type":"product","link":"https:\/\/www.lkingroup.co\/cs\/shop\/cable-wire-stripper-cutter-crimper-automatic-multifunctional-tab-terminal-crimping-stripping-plier-tools","title":{"rendered":"Odizolovac\u00ed kle\u0161t\u011b na kabely Lisovac\u00ed kle\u0161t\u011b Automatick\u00e1 multifunk\u010dn\u00ed TAB Koncovka Lisovac\u00ed kle\u0161t\u011b"},"content":{"rendered":"<p><span style=\"font-size: 18px\"><span style=\"font-family:'comic sans ms'\">peso do pacote: asi 400 g<\/span><\/span><\/p>\n<p><span style=\"font-size: 18px\"><span style=\"font-family:'comic sans ms'\">Tamanho do produktu (D x \u0160 x V): 205*41*25mm<\/span><\/span><\/p>\n<p><span style=\"font-family:\">Obsah Do bal\u00ed\u010dku: 1 x Alicate<\/span><\/p>\n<p><img fetchpriority=\"high\" decoding=\"async\" class=\"alignnone size-full wp-image-71203\" src=\"https:\/\/www.lkingroup.co\/wp-content\/uploads\/2022\/03\/HTB19mxRo8mWBuNkSndVq6AsApXaA.jpg\" width=\"800\" height=\"800\" alt=\"8968582936_1402276318\" srcset=\"https:\/\/www.lkingroup.co\/wp-content\/uploads\/2022\/03\/HTB19mxRo8mWBuNkSndVq6AsApXaA.jpg 800w, https:\/\/www.lkingroup.co\/wp-content\/uploads\/2022\/03\/HTB19mxRo8mWBuNkSndVq6AsApXaA-300x300.jpg 300w, https:\/\/www.lkingroup.co\/wp-content\/uploads\/2022\/03\/HTB19mxRo8mWBuNkSndVq6AsApXaA-150x150.jpg 150w, https:\/\/www.lkingroup.co\/wp-content\/uploads\/2022\/03\/HTB19mxRo8mWBuNkSndVq6AsApXaA-768x768.jpg 768w, https:\/\/www.lkingroup.co\/wp-content\/uploads\/2022\/03\/HTB19mxRo8mWBuNkSndVq6AsApXaA-12x12.jpg 12w, https:\/\/www.lkingroup.co\/wp-content\/uploads\/2022\/03\/HTB19mxRo8mWBuNkSndVq6AsApXaA-600x600.jpg 600w, https:\/\/www.lkingroup.co\/wp-content\/uploads\/2022\/03\/HTB19mxRo8mWBuNkSndVq6AsApXaA-100x100.jpg 100w\" sizes=\"(max-width: 800px) 100vw, 800px\" \/><img decoding=\"async\" class=\"alignnone size-full wp-image-71204\" src=\"https:\/\/www.lkingroup.co\/wp-content\/uploads\/2022\/03\/HTB1gwzdxf5TBuNjSspmq6yDRVXab.jpg\" width=\"800\" height=\"800\" alt=\"8986340258_1402276318\" srcset=\"https:\/\/www.lkingroup.co\/wp-content\/uploads\/2022\/03\/HTB1gwzdxf5TBuNjSspmq6yDRVXab.jpg 800w, https:\/\/www.lkingroup.co\/wp-content\/uploads\/2022\/03\/HTB1gwzdxf5TBuNjSspmq6yDRVXab-300x300.jpg 300w, https:\/\/www.lkingroup.co\/wp-content\/uploads\/2022\/03\/HTB1gwzdxf5TBuNjSspmq6yDRVXab-150x150.jpg 150w, https:\/\/www.lkingroup.co\/wp-content\/uploads\/2022\/03\/HTB1gwzdxf5TBuNjSspmq6yDRVXab-768x768.jpg 768w, https:\/\/www.lkingroup.co\/wp-content\/uploads\/2022\/03\/HTB1gwzdxf5TBuNjSspmq6yDRVXab-12x12.jpg 12w, https:\/\/www.lkingroup.co\/wp-content\/uploads\/2022\/03\/HTB1gwzdxf5TBuNjSspmq6yDRVXab-600x600.jpg 600w, https:\/\/www.lkingroup.co\/wp-content\/uploads\/2022\/03\/HTB1gwzdxf5TBuNjSspmq6yDRVXab-100x100.jpg 100w\" sizes=\"(max-width: 800px) 100vw, 800px\" \/><img decoding=\"async\" class=\"alignnone size-full wp-image-71205\" src=\"https:\/\/www.lkingroup.co\/wp-content\/uploads\/2022\/03\/HTB1XvIqhVooBKNjSZPhq6A2CXXak.jpg\" width=\"800\" height=\"800\" alt=\"8948820840_1402276318\" srcset=\"https:\/\/www.lkingroup.co\/wp-content\/uploads\/2022\/03\/HTB1XvIqhVooBKNjSZPhq6A2CXXak.jpg 800w, https:\/\/www.lkingroup.co\/wp-content\/uploads\/2022\/03\/HTB1XvIqhVooBKNjSZPhq6A2CXXak-300x300.jpg 300w, https:\/\/www.lkingroup.co\/wp-content\/uploads\/2022\/03\/HTB1XvIqhVooBKNjSZPhq6A2CXXak-150x150.jpg 150w, https:\/\/www.lkingroup.co\/wp-content\/uploads\/2022\/03\/HTB1XvIqhVooBKNjSZPhq6A2CXXak-768x768.jpg 768w, https:\/\/www.lkingroup.co\/wp-content\/uploads\/2022\/03\/HTB1XvIqhVooBKNjSZPhq6A2CXXak-12x12.jpg 12w, https:\/\/www.lkingroup.co\/wp-content\/uploads\/2022\/03\/HTB1XvIqhVooBKNjSZPhq6A2CXXak-600x600.jpg 600w, https:\/\/www.lkingroup.co\/wp-content\/uploads\/2022\/03\/HTB1XvIqhVooBKNjSZPhq6A2CXXak-100x100.jpg 100w\" sizes=\"(max-width: 800px) 100vw, 800px\" \/><img loading=\"lazy\" decoding=\"async\" class=\"alignnone size-full wp-image-71206\" src=\"https:\/\/www.lkingroup.co\/wp-content\/uploads\/2022\/03\/HTB1Ioh9xgmTBuNjy1Xbq6yMrVXaI.jpg\" width=\"800\" height=\"800\" alt=\"8948811871_1402276318\" srcset=\"https:\/\/www.lkingroup.co\/wp-content\/uploads\/2022\/03\/HTB1Ioh9xgmTBuNjy1Xbq6yMrVXaI.jpg 800w, https:\/\/www.lkingroup.co\/wp-content\/uploads\/2022\/03\/HTB1Ioh9xgmTBuNjy1Xbq6yMrVXaI-300x300.jpg 300w, https:\/\/www.lkingroup.co\/wp-content\/uploads\/2022\/03\/HTB1Ioh9xgmTBuNjy1Xbq6yMrVXaI-150x150.jpg 150w, https:\/\/www.lkingroup.co\/wp-content\/uploads\/2022\/03\/HTB1Ioh9xgmTBuNjy1Xbq6yMrVXaI-768x768.jpg 768w, https:\/\/www.lkingroup.co\/wp-content\/uploads\/2022\/03\/HTB1Ioh9xgmTBuNjy1Xbq6yMrVXaI-12x12.jpg 12w, https:\/\/www.lkingroup.co\/wp-content\/uploads\/2022\/03\/HTB1Ioh9xgmTBuNjy1Xbq6yMrVXaI-600x600.jpg 600w, https:\/\/www.lkingroup.co\/wp-content\/uploads\/2022\/03\/HTB1Ioh9xgmTBuNjy1Xbq6yMrVXaI-100x100.jpg 100w\" sizes=\"(max-width: 800px) 100vw, 800px\" \/><img loading=\"lazy\" decoding=\"async\" class=\"alignnone size-full wp-image-71207\" src=\"https:\/\/www.lkingroup.co\/wp-content\/uploads\/2022\/03\/HTB1RpOpikUmBKNjSZFOq6yb2XXa0.jpg\" width=\"800\" height=\"800\" alt=\"8986313814_1402276318\" srcset=\"https:\/\/www.lkingroup.co\/wp-content\/uploads\/2022\/03\/HTB1RpOpikUmBKNjSZFOq6yb2XXa0.jpg 800w, https:\/\/www.lkingroup.co\/wp-content\/uploads\/2022\/03\/HTB1RpOpikUmBKNjSZFOq6yb2XXa0-300x300.jpg 300w, https:\/\/www.lkingroup.co\/wp-content\/uploads\/2022\/03\/HTB1RpOpikUmBKNjSZFOq6yb2XXa0-150x150.jpg 150w, https:\/\/www.lkingroup.co\/wp-content\/uploads\/2022\/03\/HTB1RpOpikUmBKNjSZFOq6yb2XXa0-768x768.jpg 768w, https:\/\/www.lkingroup.co\/wp-content\/uploads\/2022\/03\/HTB1RpOpikUmBKNjSZFOq6yb2XXa0-12x12.jpg 12w, https:\/\/www.lkingroup.co\/wp-content\/uploads\/2022\/03\/HTB1RpOpikUmBKNjSZFOq6yb2XXa0-600x600.jpg 600w, https:\/\/www.lkingroup.co\/wp-content\/uploads\/2022\/03\/HTB1RpOpikUmBKNjSZFOq6yb2XXa0-100x100.jpg 100w\" sizes=\"(max-width: 800px) 100vw, 800px\" \/><\/p>","protected":false},"excerpt":{"rendered":"<p>peso do balen\u00ed: p\u0159ibli\u017en\u011b 400 g Tamanho do produktu (D x \u0160 x V): 205*41*25mm Obsah balen\u00ed: 1 x Alicate<\/p>","protected":false},"featured_media":71196,"comment_status":"open","ping_status":"closed","template":"","meta":{"site-sidebar-layout":"","site-content-layout":"","ast-site-content-layout":"default","site-content-style":"default","site-sidebar-style":"default","ast-global-header-display":"","ast-banner-title-visibility":"","ast-main-header-display":"","ast-hfb-above-header-display":"","ast-hfb-below-header-display":"","ast-hfb-mobile-header-display":"","site-post-title":"","ast-breadcrumbs-content":"","ast-featured-img":"","footer-sml-layout":"","ast-disable-related-posts":"","theme-transparent-header-meta":"","adv-header-id-meta":"","stick-header-meta":"","header-above-stick-meta":"","header-main-stick-meta":"","header-below-stick-meta":"","astra-migrate-meta-layouts":"default","ast-page-background-enabled":"default","ast-page-background-meta":{"desktop":{"background-color":"","background-image":"","background-repeat":"repeat","background-position":"center center","background-size":"auto","background-attachment":"scroll","background-type":"","background-media":"","overlay-type":"","overlay-color":"","overlay-opacity":"","overlay-gradient":""},"tablet":{"background-color":"","background-image":"","background-repeat":"repeat","background-position":"center center","background-size":"auto","background-attachment":"scroll","background-type":"","background-media":"","overlay-type":"","overlay-color":"","overlay-opacity":"","overlay-gradient":""},"mobile":{"background-color":"","background-image":"","background-repeat":"repeat","background-position":"center center","background-size":"auto","background-attachment":"scroll","background-type":"","background-media":"","overlay-type":"","overlay-color":"","overlay-opacity":"","overlay-gradient":""}},"ast-content-background-meta":{"desktop":{"background-color":"var(--ast-global-color-5)","background-image":"","background-repeat":"repeat","background-position":"center center","background-size":"auto","background-attachment":"scroll","background-type":"","background-media":"","overlay-type":"","overlay-color":"","overlay-opacity":"","overlay-gradient":""},"tablet":{"background-color":"var(--ast-global-color-5)","background-image":"","background-repeat":"repeat","background-position":"center center","background-size":"auto","background-attachment":"scroll","background-type":"","background-media":"","overlay-type":"","overlay-color":"","overlay-opacity":"","overlay-gradient":""},"mobile":{"background-color":"var(--ast-global-color-5)","background-image":"","background-repeat":"repeat","background-position":"center center","background-size":"auto","background-attachment":"scroll","background-type":"","background-media":"","overlay-type":"","overlay-color":"","overlay-opacity":"","overlay-gradient":""}}},"product_brand":[],"product_cat":[95],"product_tag":[],"class_list":{"0":"post-71050","1":"product","2":"type-product","3":"status-publish","4":"has-post-thumbnail","6":"product_cat-wire-rope-accessories","7":"desktop-align-center","8":"tablet-align-center","9":"mobile-align-center","10":"ast-product-gallery-layout-horizontal","11":"ast-product-single-variable","12":"ast-product-tabs-layout-horizontal","14":"first","15":"instock","16":"shipping-taxable","17":"purchasable","18":"product-type-variable"},"_links":{"self":[{"href":"https:\/\/www.lkingroup.co\/cs\/wp-json\/wp\/v2\/product\/71050","targetHints":{"allow":["GET"]}}],"collection":[{"href":"https:\/\/www.lkingroup.co\/cs\/wp-json\/wp\/v2\/product"}],"about":[{"href":"https:\/\/www.lkingroup.co\/cs\/wp-json\/wp\/v2\/types\/product"}],"replies":[{"embeddable":true,"href":"https:\/\/www.lkingroup.co\/cs\/wp-json\/wp\/v2\/comments?post=71050"}],"wp:featuredmedia":[{"embeddable":true,"href":"https:\/\/www.lkingroup.co\/cs\/wp-json\/wp\/v2\/media\/71196"}],"wp:attachment":[{"href":"https:\/\/www.lkingroup.co\/cs\/wp-json\/wp\/v2\/media?parent=71050"}],"wp:term":[{"taxonomy":"product_brand","embeddable":true,"href":"https:\/\/www.lkingroup.co\/cs\/wp-json\/wp\/v2\/product_brand?post=71050"},{"taxonomy":"product_cat","embeddable":true,"href":"https:\/\/www.lkingroup.co\/cs\/wp-json\/wp\/v2\/product_cat?post=71050"},{"taxonomy":"product_tag","embeddable":true,"href":"https:\/\/www.lkingroup.co\/cs\/wp-json\/wp\/v2\/product_tag?post=71050"}],"curies":[{"name":"wp","href":"https:\/\/api.w.org\/{rel}","templated":true}]}}