{"id":70869,"date":"2022-03-26T19:58:38","date_gmt":"2022-03-26T11:58:38","guid":{"rendered":"https:\/\/www.lkingroup.co\/?post_type=product&#038;p=70869"},"modified":"2022-03-26T21:01:23","modified_gmt":"2022-03-26T13:01:23","slug":"50m-100m-304-edelstahl-drahtseil-alambre-weicheres-angel-hebekabel-1-2mm1-5mm-durchmesser50-100-stck-manschetten-aluminium","status":"publish","type":"product","link":"https:\/\/www.lkingroup.co\/de\/shop\/50m-100m-304-stainless-steel-wire-rope-alambre-softer-fishing-lifting-cable-1-2mm1-5mm-diameter50-100-pcs-sleeves-aluminium","title":{"rendered":"50M\/100M 304 Edelstahl-Drahtseil Alambre Weicheres Angeln Hebekabel 1,2 mm, 1,5 mm Durchmesser + 50\/100 PCS \u00c4rmel Aluminium"},"content":{"rendered":"<p><span style=\"font-family: arial , helvetica , sans-serif\"><span style=\"color: #c00000\"><span style=\"font-size: 28.0px\">50M\/100M 304 Edelstahl Drahtseil Alambre Weicher Angeln Hebekabel 0,5 mm 1,0 mm 1,2 mm, 1,5 mm Durchmesser + 50\/100 PCS H\u00fclsen Aluminium<\/span><\/span><\/span><br \/> &nbsp;<\/p>\n<p><strong>Drahtseil<\/strong><br \/> Drahtseile ist eine Sammlung kleiner Drahtstr\u00e4nge, die in drei verschiedenen Mustern miteinander verwoben sind, die unterschiedliche Flexibilit\u00e4tsgrade bieten. Edelstahlseile k\u00f6nnen f\u00fcr die anspruchsvollsten Rigging-Anwendungen verwendet werden und sind in verschiedenen Konstruktionen erh\u00e4ltlich.<\/p>\n<ul>\n<li><strong>7 x 19 Edelstahldrahtseil<\/strong>&nbsp;besteht aus 7 Litzen mit je 19 Dr\u00e4hten. Es ist die gebr\u00e4uchlichste und vielseitigste Konstruktion und ist flexibel und einfach zu handhaben, wenn das Seil um Kurven biegen oder die Richtung \u00e4ndern muss. \u00dcblicherweise wird es mit einer Kausche und einem Gesenk f\u00fcr Anwendungen mit festem Rigging verwendet. 7 x 19 wird auch f\u00fcr Seilanwendungen mit eingeschr\u00e4nkter Funktion verwendet, z. B. auf einer Bootswinde.<\/li>\n<li><strong>7 x 7 Edelstahldrahtseil<\/strong>&nbsp;besteht aus 7 Litzen mit je 7 Dr\u00e4hten. Es ist nicht so flexibel wie 7 x 19, kann aber in kleineren Gr\u00f6\u00dfen um einen Fingerhut gewickelt werden. 7 x 7 ist ideal f\u00fcr feste Rigging-Anwendungen, die einen leichten Winkel erfordern, wie z. B. Gel\u00e4nder und Sicherheitsbarrieren.<\/li>\n<li><strong>1 x 19 Edelstahldrahtseil<\/strong>&nbsp;besteht aus einer einzelnen Litze mit 19 Dr\u00e4hten. Es hat eine hohe Bruchlast und geringe Dehnungseigenschaften, ist aber die am wenigsten flexible Konstruktion und verbiegt sich nicht um Ecken oder Winkel. 1 x 19 ist nur f\u00fcr feste \u201egeradlinige\u201c Rigginganwendungen geeignet, wie Maststreben, Abspannseile und strukturelle Anwendungen. Es wird am besten mit maschinell gestanzten Endbeschl\u00e4gen verwendet.<\/li>\n<\/ul>\n<p><span style=\"font-family: arial , helvetica , sans-serif\"><span style=\"font-size: 28.0px\"><\/span><\/span><\/p>\n<p>&nbsp;<\/p>\n<p><img fetchpriority=\"high\" decoding=\"async\" class=\"alignnone size-full wp-image-70969\" src=\"https:\/\/www.lkingroup.co\/wp-content\/uploads\/2022\/03\/HTB16KoULpXXXXaxXXXXq6xXFXXX6.jpg\" width=\"960\" height=\"60\" alt=\"Produktspezifikation\" srcset=\"https:\/\/www.lkingroup.co\/wp-content\/uploads\/2022\/03\/HTB16KoULpXXXXaxXXXXq6xXFXXX6.jpg 960w, https:\/\/www.lkingroup.co\/wp-content\/uploads\/2022\/03\/HTB16KoULpXXXXaxXXXXq6xXFXXX6-300x19.jpg 300w, https:\/\/www.lkingroup.co\/wp-content\/uploads\/2022\/03\/HTB16KoULpXXXXaxXXXXq6xXFXXX6-768x48.jpg 768w, https:\/\/www.lkingroup.co\/wp-content\/uploads\/2022\/03\/HTB16KoULpXXXXaxXXXXq6xXFXXX6-18x1.jpg 18w, https:\/\/www.lkingroup.co\/wp-content\/uploads\/2022\/03\/HTB16KoULpXXXXaxXXXXq6xXFXXX6-600x38.jpg 600w\" sizes=\"(max-width: 960px) 100vw, 960px\" \/><span style=\"font-family: arial , helvetica , sans-serif;font-size: 18.0px\">Drahtseil aus Edelstahl (Edelstahlqualit\u00e4t ist Marine) f\u00fcr Gel\u00e4nder.<\/span><\/p>\n<p><span style=\"font-family: arial , helvetica , sans-serif\"><span style=\"font-size: 20.0px\"><span style=\"color: #e53333;font-style: inherit;font-weight: inherit\">Merkmale:<\/span><\/span><\/span><\/p>\n<p><span style=\"font-family: arial , helvetica , sans-serif\"><span style=\"font-size: 18.0px\">Dieser flexible Draht ist einfach zu verarbeiten und hat einen niedrigen Dehnungskoeffizienten. Aufgrund seiner Benutzerfreundlichkeit eignet es sich hervorragend f\u00fcr die Verwendung mit Kauschen- und Ferrule-Fittings sowie hydraulisch gestauchten Fittings.<br \/> Das Kabel besteht aus Edelstahl f\u00fcr maximale Haltbarkeit, Festigkeit und Wetterschutz.<br \/> 7 \u00d7 7-Konstruktion (7 Gruppen von 7 Str\u00e4ngen, die zusammengeflochten sind, um das Kabel zu bilden), das flexibel ist. Guter Kabeltyp f\u00fcr die Handhabung von Biegungen und Ecken an Kabelgel\u00e4ndern.<br \/> Diese Art von Drahtseil wird am besten mit den 1\/8\u2033-Handcrimp-Kabelgel\u00e4nderbeschl\u00e4gen von VistaView Wire Rope Tec verwendet.<br \/> Ben\u00f6tigen Sie ein sortiertes Gel\u00e4nder-Kit, das Jaw Swage Fork, Spannschloss, Crimp-Loop-H\u00fclse und Kausche enth\u00e4lt.<\/span><\/span><\/p>\n<p><span style=\"color: #e53333;font-family: arial;font-size: 18.0px;font-style: inherit;font-weight: inherit\">Spezifikationen:<\/span><\/p>\n<p><font color=\"#e53333\" face=\"arial\"><span style=\"font-size: 18.0px\">Drahtseil<\/span><\/font><\/p>\n<p style=\"color: #000000;margin: 0.0px;padding: 0.0px;border: 0.0px;font-size: 13.0px;line-height: inherit;font-family: arial , helvetica , sans-serif;vertical-align: baseline\"><span style=\"margin: 0.0px;padding: 0.0px;border: 0.0px;font-style: inherit;font-weight: inherit;font-size: 18.0px;line-height: inherit;font-family: arial;vertical-align: baseline\">Material: Edelstahl 304<\/span><\/p>\n<p style=\"color: #000000;margin: 0.0px;padding: 0.0px;border: 0.0px;font-size: 13.0px;line-height: inherit;font-family: arial , helvetica , sans-serif;vertical-align: baseline\"><span style=\"margin: 0.0px;padding: 0.0px;border: 0.0px;font-style: inherit;font-weight: inherit;font-size: 18.0px;line-height: inherit;font-family: arial;vertical-align: baseline\">Farbe silber<\/span><\/p>\n<p style=\"color: #000000;margin: 0.0px;padding: 0.0px;border: 0.0px;line-height: inherit;vertical-align: baseline\"><font face=\"arial\"><span style=\"font-size: 18.0px\">Durchmesser: 1,2 mm-1,5 mm<\/span><\/font><\/p>\n<p style=\"color: #000000;margin: 0.0px;padding: 0.0px;border: 0.0px;font-size: 13.0px;line-height: inherit;font-family: arial , helvetica , sans-serif;vertical-align: baseline\">&nbsp;<\/p>\n<p style=\"color: #000000;margin: 0.0px;padding: 0.0px;border: 0.0px;font-size: 13.0px;line-height: inherit;font-family: arial , helvetica , sans-serif;vertical-align: baseline\"><img decoding=\"async\" class=\"alignnone size-full wp-image-70970\" src=\"https:\/\/www.lkingroup.co\/wp-content\/uploads\/2022\/03\/HTB1bPwGLpXXXXXZXFXXq6xXFXXXo.jpg\" width=\"960\" height=\"60\" alt=\"Warenpr\u00e4sentation\" srcset=\"https:\/\/www.lkingroup.co\/wp-content\/uploads\/2022\/03\/HTB1bPwGLpXXXXXZXFXXq6xXFXXXo.jpg 960w, https:\/\/www.lkingroup.co\/wp-content\/uploads\/2022\/03\/HTB1bPwGLpXXXXXZXFXXq6xXFXXXo-300x19.jpg 300w, https:\/\/www.lkingroup.co\/wp-content\/uploads\/2022\/03\/HTB1bPwGLpXXXXXZXFXXq6xXFXXXo-768x48.jpg 768w, https:\/\/www.lkingroup.co\/wp-content\/uploads\/2022\/03\/HTB1bPwGLpXXXXXZXFXXq6xXFXXXo-18x1.jpg 18w, https:\/\/www.lkingroup.co\/wp-content\/uploads\/2022\/03\/HTB1bPwGLpXXXXXZXFXXq6xXFXXXo-600x38.jpg 600w\" sizes=\"(max-width: 960px) 100vw, 960px\" \/><\/p>\n<h2 style=\"color: #000000;margin: 0.0px;padding: 0.0px;border: 0.0px;font-size: 13.0px;line-height: inherit;font-family: arial , helvetica , sans-serif;vertical-align: baseline\">&nbsp;<\/h2>\n<p><img decoding=\"async\" class=\"alignnone size-full wp-image-70971\" src=\"https:\/\/www.lkingroup.co\/wp-content\/uploads\/2022\/03\/HTB1npAYXcrrK1Rjy1zeq6xalFXau.jpg\" width=\"800\" height=\"800\" alt=\"3366\" srcset=\"https:\/\/www.lkingroup.co\/wp-content\/uploads\/2022\/03\/HTB1npAYXcrrK1Rjy1zeq6xalFXau.jpg 800w, https:\/\/www.lkingroup.co\/wp-content\/uploads\/2022\/03\/HTB1npAYXcrrK1Rjy1zeq6xalFXau-300x300.jpg 300w, https:\/\/www.lkingroup.co\/wp-content\/uploads\/2022\/03\/HTB1npAYXcrrK1Rjy1zeq6xalFXau-150x150.jpg 150w, https:\/\/www.lkingroup.co\/wp-content\/uploads\/2022\/03\/HTB1npAYXcrrK1Rjy1zeq6xalFXau-768x768.jpg 768w, https:\/\/www.lkingroup.co\/wp-content\/uploads\/2022\/03\/HTB1npAYXcrrK1Rjy1zeq6xalFXau-12x12.jpg 12w, https:\/\/www.lkingroup.co\/wp-content\/uploads\/2022\/03\/HTB1npAYXcrrK1Rjy1zeq6xalFXau-600x600.jpg 600w, https:\/\/www.lkingroup.co\/wp-content\/uploads\/2022\/03\/HTB1npAYXcrrK1Rjy1zeq6xalFXau-100x100.jpg 100w\" sizes=\"(max-width: 800px) 100vw, 800px\" \/><img loading=\"lazy\" decoding=\"async\" class=\"alignnone size-full wp-image-70972\" src=\"https:\/\/www.lkingroup.co\/wp-content\/uploads\/2022\/03\/HTB1Ua7VXjDuK1Rjy1zjq6zraFXah.jpg\" width=\"800\" height=\"800\" alt=\"IMG_3363 - \" srcset=\"https:\/\/www.lkingroup.co\/wp-content\/uploads\/2022\/03\/HTB1Ua7VXjDuK1Rjy1zjq6zraFXah.jpg 800w, https:\/\/www.lkingroup.co\/wp-content\/uploads\/2022\/03\/HTB1Ua7VXjDuK1Rjy1zjq6zraFXah-300x300.jpg 300w, https:\/\/www.lkingroup.co\/wp-content\/uploads\/2022\/03\/HTB1Ua7VXjDuK1Rjy1zjq6zraFXah-150x150.jpg 150w, https:\/\/www.lkingroup.co\/wp-content\/uploads\/2022\/03\/HTB1Ua7VXjDuK1Rjy1zjq6zraFXah-768x768.jpg 768w, https:\/\/www.lkingroup.co\/wp-content\/uploads\/2022\/03\/HTB1Ua7VXjDuK1Rjy1zjq6zraFXah-12x12.jpg 12w, https:\/\/www.lkingroup.co\/wp-content\/uploads\/2022\/03\/HTB1Ua7VXjDuK1Rjy1zjq6zraFXah-600x600.jpg 600w, https:\/\/www.lkingroup.co\/wp-content\/uploads\/2022\/03\/HTB1Ua7VXjDuK1Rjy1zjq6zraFXah-100x100.jpg 100w\" sizes=\"(max-width: 800px) 100vw, 800px\" \/><img loading=\"lazy\" decoding=\"async\" class=\"alignnone size-full wp-image-70973\" src=\"https:\/\/www.lkingroup.co\/wp-content\/uploads\/2022\/03\/HTB1eDMUXiYrK1Rjy0Fdq6ACvVXan.jpg\" width=\"800\" height=\"800\" alt=\"\" srcset=\"https:\/\/www.lkingroup.co\/wp-content\/uploads\/2022\/03\/HTB1eDMUXiYrK1Rjy0Fdq6ACvVXan.jpg 800w, https:\/\/www.lkingroup.co\/wp-content\/uploads\/2022\/03\/HTB1eDMUXiYrK1Rjy0Fdq6ACvVXan-300x300.jpg 300w, https:\/\/www.lkingroup.co\/wp-content\/uploads\/2022\/03\/HTB1eDMUXiYrK1Rjy0Fdq6ACvVXan-150x150.jpg 150w, https:\/\/www.lkingroup.co\/wp-content\/uploads\/2022\/03\/HTB1eDMUXiYrK1Rjy0Fdq6ACvVXan-768x768.jpg 768w, https:\/\/www.lkingroup.co\/wp-content\/uploads\/2022\/03\/HTB1eDMUXiYrK1Rjy0Fdq6ACvVXan-12x12.jpg 12w, https:\/\/www.lkingroup.co\/wp-content\/uploads\/2022\/03\/HTB1eDMUXiYrK1Rjy0Fdq6ACvVXan-600x600.jpg 600w, https:\/\/www.lkingroup.co\/wp-content\/uploads\/2022\/03\/HTB1eDMUXiYrK1Rjy0Fdq6ACvVXan-100x100.jpg 100w\" sizes=\"(max-width: 800px) 100vw, 800px\" \/><img loading=\"lazy\" decoding=\"async\" class=\"alignnone size-full wp-image-70974\" src=\"https:\/\/www.lkingroup.co\/wp-content\/uploads\/2022\/03\/HTB1XzgVXizxK1Rjy1zkq6yHrVXag.jpg\" width=\"800\" height=\"800\" alt=\"IMG_3376\" srcset=\"https:\/\/www.lkingroup.co\/wp-content\/uploads\/2022\/03\/HTB1XzgVXizxK1Rjy1zkq6yHrVXag.jpg 800w, https:\/\/www.lkingroup.co\/wp-content\/uploads\/2022\/03\/HTB1XzgVXizxK1Rjy1zkq6yHrVXag-300x300.jpg 300w, https:\/\/www.lkingroup.co\/wp-content\/uploads\/2022\/03\/HTB1XzgVXizxK1Rjy1zkq6yHrVXag-150x150.jpg 150w, https:\/\/www.lkingroup.co\/wp-content\/uploads\/2022\/03\/HTB1XzgVXizxK1Rjy1zkq6yHrVXag-768x768.jpg 768w, https:\/\/www.lkingroup.co\/wp-content\/uploads\/2022\/03\/HTB1XzgVXizxK1Rjy1zkq6yHrVXag-12x12.jpg 12w, https:\/\/www.lkingroup.co\/wp-content\/uploads\/2022\/03\/HTB1XzgVXizxK1Rjy1zkq6yHrVXag-600x600.jpg 600w, https:\/\/www.lkingroup.co\/wp-content\/uploads\/2022\/03\/HTB1XzgVXizxK1Rjy1zkq6yHrVXag-100x100.jpg 100w\" sizes=\"(max-width: 800px) 100vw, 800px\" \/><\/p>\n<p><img loading=\"lazy\" decoding=\"async\" class=\"alignnone size-full wp-image-70975\" src=\"https:\/\/www.lkingroup.co\/wp-content\/uploads\/2022\/03\/HTB1.C0XLFXXXXX0XFXXq6xXFXXXb.jpg\" width=\"960\" height=\"60\" alt=\"Produktanwendung\" srcset=\"https:\/\/www.lkingroup.co\/wp-content\/uploads\/2022\/03\/HTB1.C0XLFXXXXX0XFXXq6xXFXXXb.jpg 960w, https:\/\/www.lkingroup.co\/wp-content\/uploads\/2022\/03\/HTB1.C0XLFXXXXX0XFXXq6xXFXXXb-300x19.jpg 300w, https:\/\/www.lkingroup.co\/wp-content\/uploads\/2022\/03\/HTB1.C0XLFXXXXX0XFXXq6xXFXXXb-768x48.jpg 768w, https:\/\/www.lkingroup.co\/wp-content\/uploads\/2022\/03\/HTB1.C0XLFXXXXX0XFXXq6xXFXXXb-18x1.jpg 18w, https:\/\/www.lkingroup.co\/wp-content\/uploads\/2022\/03\/HTB1.C0XLFXXXXX0XFXXq6xXFXXXb-600x38.jpg 600w\" sizes=\"(max-width: 960px) 100vw, 960px\" \/><img loading=\"lazy\" decoding=\"async\" class=\"alignnone size-full wp-image-70976\" src=\"https:\/\/www.lkingroup.co\/wp-content\/uploads\/2022\/03\/HTB1MFUUXe6sK1RjSsrbq6xbDXXay.jpg\" width=\"800\" height=\"400\" alt=\"\" srcset=\"https:\/\/www.lkingroup.co\/wp-content\/uploads\/2022\/03\/HTB1MFUUXe6sK1RjSsrbq6xbDXXay.jpg 800w, https:\/\/www.lkingroup.co\/wp-content\/uploads\/2022\/03\/HTB1MFUUXe6sK1RjSsrbq6xbDXXay-300x150.jpg 300w, https:\/\/www.lkingroup.co\/wp-content\/uploads\/2022\/03\/HTB1MFUUXe6sK1RjSsrbq6xbDXXay-768x384.jpg 768w, https:\/\/www.lkingroup.co\/wp-content\/uploads\/2022\/03\/HTB1MFUUXe6sK1RjSsrbq6xbDXXay-18x9.jpg 18w, https:\/\/www.lkingroup.co\/wp-content\/uploads\/2022\/03\/HTB1MFUUXe6sK1RjSsrbq6xbDXXay-600x300.jpg 600w\" sizes=\"(max-width: 800px) 100vw, 800px\" \/><\/p>\n<p style=\"color: #000000;margin: 0.0px;padding: 0.0px;border: 0.0px;font-size: 13.0px;line-height: inherit;font-family: arial , helvetica , sans-serif;vertical-align: baseline\">&nbsp;<\/p>","protected":false},"excerpt":{"rendered":"<p>50M\/100M 304 Stainless Steel Wire Rope Alambre Softer Fishing Lifting Cable 0.5mm 1.0mm 1.2mm,1.5mm Diameter+50\/100 PCS Sleeves Aluminium &nbsp; Wire rope Wire rope is a collection of small strands of wire woven together in three different patterns which offer different levels of flexibility. Stainless steel rope can be used for the most demanding rigging applications, [&hellip;]<\/p>\n","protected":false},"featured_media":70965,"comment_status":"open","ping_status":"closed","template":"","meta":{"site-sidebar-layout":"","site-content-layout":"","ast-site-content-layout":"default","site-content-style":"default","site-sidebar-style":"default","ast-global-header-display":"","ast-banner-title-visibility":"","ast-main-header-display":"","ast-hfb-above-header-display":"","ast-hfb-below-header-display":"","ast-hfb-mobile-header-display":"","site-post-title":"","ast-breadcrumbs-content":"","ast-featured-img":"","footer-sml-layout":"","ast-disable-related-posts":"","theme-transparent-header-meta":"","adv-header-id-meta":"","stick-header-meta":"","header-above-stick-meta":"","header-main-stick-meta":"","header-below-stick-meta":"","astra-migrate-meta-layouts":"default","ast-page-background-enabled":"default","ast-page-background-meta":{"desktop":{"background-color":"","background-image":"","background-repeat":"repeat","background-position":"center center","background-size":"auto","background-attachment":"scroll","background-type":"","background-media":"","overlay-type":"","overlay-color":"","overlay-opacity":"","overlay-gradient":""},"tablet":{"background-color":"","background-image":"","background-repeat":"repeat","background-position":"center center","background-size":"auto","background-attachment":"scroll","background-type":"","background-media":"","overlay-type":"","overlay-color":"","overlay-opacity":"","overlay-gradient":""},"mobile":{"background-color":"","background-image":"","background-repeat":"repeat","background-position":"center center","background-size":"auto","background-attachment":"scroll","background-type":"","background-media":"","overlay-type":"","overlay-color":"","overlay-opacity":"","overlay-gradient":""}},"ast-content-background-meta":{"desktop":{"background-color":"var(--ast-global-color-5)","background-image":"","background-repeat":"repeat","background-position":"center center","background-size":"auto","background-attachment":"scroll","background-type":"","background-media":"","overlay-type":"","overlay-color":"","overlay-opacity":"","overlay-gradient":""},"tablet":{"background-color":"var(--ast-global-color-5)","background-image":"","background-repeat":"repeat","background-position":"center center","background-size":"auto","background-attachment":"scroll","background-type":"","background-media":"","overlay-type":"","overlay-color":"","overlay-opacity":"","overlay-gradient":""},"mobile":{"background-color":"var(--ast-global-color-5)","background-image":"","background-repeat":"repeat","background-position":"center center","background-size":"auto","background-attachment":"scroll","background-type":"","background-media":"","overlay-type":"","overlay-color":"","overlay-opacity":"","overlay-gradient":""}}},"product_brand":[],"product_cat":[94],"product_tag":[212,209,213,214,211],"class_list":{"0":"post-70869","1":"product","2":"type-product","3":"status-publish","4":"has-post-thumbnail","6":"product_cat-wire-rope-assembly","7":"product_tag-3-8-stainless-steel-cable","8":"product_tag-316-stainless-wire-rope","9":"product_tag-stainless-cable","10":"product_tag-stainless-steel-304-wire-rope","11":"product_tag-stainless-steel-cable-railing","12":"desktop-align-center","13":"tablet-align-center","14":"mobile-align-center","15":"ast-product-gallery-layout-horizontal","16":"ast-product-single-variable","17":"ast-product-tabs-layout-horizontal","19":"first","20":"instock","21":"shipping-taxable","22":"purchasable","23":"product-type-variable"},"_links":{"self":[{"href":"https:\/\/www.lkingroup.co\/de\/wp-json\/wp\/v2\/product\/70869","targetHints":{"allow":["GET"]}}],"collection":[{"href":"https:\/\/www.lkingroup.co\/de\/wp-json\/wp\/v2\/product"}],"about":[{"href":"https:\/\/www.lkingroup.co\/de\/wp-json\/wp\/v2\/types\/product"}],"replies":[{"embeddable":true,"href":"https:\/\/www.lkingroup.co\/de\/wp-json\/wp\/v2\/comments?post=70869"}],"wp:featuredmedia":[{"embeddable":true,"href":"https:\/\/www.lkingroup.co\/de\/wp-json\/wp\/v2\/media\/70965"}],"wp:attachment":[{"href":"https:\/\/www.lkingroup.co\/de\/wp-json\/wp\/v2\/media?parent=70869"}],"wp:term":[{"taxonomy":"product_brand","embeddable":true,"href":"https:\/\/www.lkingroup.co\/de\/wp-json\/wp\/v2\/product_brand?post=70869"},{"taxonomy":"product_cat","embeddable":true,"href":"https:\/\/www.lkingroup.co\/de\/wp-json\/wp\/v2\/product_cat?post=70869"},{"taxonomy":"product_tag","embeddable":true,"href":"https:\/\/www.lkingroup.co\/de\/wp-json\/wp\/v2\/product_tag?post=70869"}],"curies":[{"name":"wp","href":"https:\/\/api.w.org\/{rel}","templated":true}]}}