{"id":70811,"date":"2022-03-26T19:57:49","date_gmt":"2022-03-26T11:57:49","guid":{"rendered":"https:\/\/www.lkingroup.co\/?post_type=product&#038;p=70811"},"modified":"2022-03-26T20:29:42","modified_gmt":"2022-03-26T12:29:42","slug":"longe-de-securite-de-haute-qualite-ligne-430-elingue-en-fil-en-acier-inoxydable-avec-crochet","status":"publish","type":"product","link":"https:\/\/www.lkingroup.co\/fr\/shop\/high-quality-security-lanyard-line-430-stainless-steel-wire-sling-with-eye-hook","title":{"rendered":"\u00c9lingue de fil d&#039;acier inoxydable de la ligne 430 de longe de s\u00e9curit\u00e9 de haute qualit\u00e9 avec l&#039;oeil et le crochet"},"content":{"rendered":"<p style=\"text-align: center;\"><strong>High Quality Security Lanyard Line 430 Stainless Steel Wire Sling With Eye &amp; Hook<\/strong><\/p>\n<div>\n<table border=\"1\" cellspacing=\"0\" cellpadding=\"0\">\n<tbody>\n<tr>\n<td>1.Diameter<\/td>\n<td>1.5~2.0mm<\/td>\n<td rowspan=\"5\">Custom-made available<\/td>\n<\/tr>\n<tr>\n<td>2.construction<\/td>\n<td>7*7,7*19<\/td>\n<\/tr>\n<tr>\n<td>3.material<\/td>\n<td>Galvanized or stainless steel<\/td>\n<\/tr>\n<tr>\n<td>4.MOQ<\/td>\n<td>500pcs<\/td>\n<\/tr>\n<tr>\n<td>5.Material of fitting(hook)<\/td>\n<td>Carbon steel with zinc plating<\/td>\n<\/tr>\n<tr>\n<td>6.Lead time<\/td>\n<td colspan=\"2\">Usually 20 days,\u00a07days is necessary if there were enough material in stock<\/td>\n<\/tr>\n<tr>\n<td>7.sample<\/td>\n<td colspan=\"2\">Free sample available if all of dimensions same as our existing one ,if not ,contact me to get a cost efficient solution.<\/td>\n<\/tr>\n<tr>\n<td>application<\/td>\n<td colspan=\"2\">Lighting , home appliances<\/p>\n<p>Etc.\u00a0When designing a cable assembly, a number of factors need to be considered such as, work load, abrasion, cycle life, and flexibility, environment, cost, safety .etc. the larger the diameter ,the greater the work load capacity and the less flexible it will be.<\/p>\n<p>WARNING\u00a0:Breaking strength should never be considered the rope&#8217;s working load ,safety factor 5:1 ,Coating must be removed from installation area when attaching fittings<\/td>\n<\/tr>\n<tr>\n<td>specification<\/td>\n<td colspan=\"2\">Refer to the drawing as below:<\/p>\n<p>All of specification custom-made available. the tighter tolerance ,the higher the cost of the cost.<\/td>\n<\/tr>\n<\/tbody>\n<\/table>\n<\/div>\n<p>&nbsp;<\/p>\n<h2>Products Show<\/h2>\n<p><img decoding=\"async\" src=\"http:\/\/www.wirerope-sling.com\/photo\/wirerope-sling\/editor\/20181217153120_72147.jpg\" alt=\"Security Lanyard Line 430 Stainless Steel Wire Rope Slings With Eye &amp; Hook\" \/><\/p>\n<p><img decoding=\"async\" src=\"http:\/\/www.wirerope-sling.com\/photo\/wirerope-sling\/editor\/20181217153131_40864.jpg\" alt=\"Security Lanyard Line 430 Stainless Steel Wire Rope Slings With Eye &amp; Hook\" \/><\/p>\n<h3>FQA:<\/h3>\n<p>please help us confirm these specific questions:<\/p>\n<p>a. Purpose: For which rope will be used.<\/p>\n<p>b. Size: Diameter of the rope in millimeter or inches<\/p>\n<p>c. Construction: Number of strands, number of wires per strand and type of strand construction.<\/p>\n<p>d. Type of Core: Fiber core( FC), independent wire rope core(IWRC) or independent wire strand core(IWSC).<\/p>\n<p>e. Lay: Right regular lay, left regular lay,etc.<\/p>\n<p>f. Coating: Bright(ungalvanized), galvanized or stainless, PVC or Grease.<\/p>\n<p>g. Grade of wire: Tensile strength of wires.<\/p>\n<p>h. Breaking Load: Minimum or calculated breaking load in tones or pounds.<\/p>\n<p>i. Lubrication: Whether lubrication is desired or not, and required lubricant.<\/p>\n<p>j. Length: Length of wire rope.<\/p>\n<p>k. Packing: In coils wrapped with oil paper and hessian(orp.p) cloth, or on wooden reels.<\/p>\n<p>l. Quantity: By number of coils or reels, by length or weight.<\/p>\n<p>m. Remarks: Shipping marks and any other special requirement.<\/p>\n<h3>tensile strength technical table:<\/h3>\n<table border=\"1\" cellspacing=\"0\" cellpadding=\"0\">\n<tbody>\n<tr>\n<td><strong>Nominal Diameter<\/strong><\/td>\n<td><strong>Approximate Mass<\/strong><\/td>\n<td colspan=\"2\"><strong>Minimum breaking loads &#8211; 1770 Mpa<\/strong><\/td>\n<\/tr>\n<tr>\n<td><strong>[mm]<\/strong><\/td>\n<td><strong>[kg\/m]<\/strong><\/td>\n<td><strong>[kN]<\/strong><\/td>\n<td><strong>[Kg]<\/strong><\/td>\n<\/tr>\n<tr>\n<td>3<\/td>\n<td>0.034<\/td>\n<td>5.77<\/td>\n<td>588<\/td>\n<\/tr>\n<tr>\n<td>4<\/td>\n<td>0.061<\/td>\n<td>10.25<\/td>\n<td>1,045<\/td>\n<\/tr>\n<tr>\n<td>5<\/td>\n<td>0.095<\/td>\n<td>16.02<\/td>\n<td>1,633<\/td>\n<\/tr>\n<tr>\n<td>6<\/td>\n<td>0.137<\/td>\n<td>23.07<\/td>\n<td>2,352<\/td>\n<\/tr>\n<tr>\n<td>7<\/td>\n<td>0.187<\/td>\n<td>31.40<\/td>\n<td>3,202<\/td>\n<\/tr>\n<tr>\n<td>8<\/td>\n<td>0.244<\/td>\n<td>41.01<\/td>\n<td>4,182<\/td>\n<\/tr>\n<tr>\n<td>9<\/td>\n<td>0.309<\/td>\n<td>51.90<\/td>\n<td>5,293<\/td>\n<\/tr>\n<tr>\n<td>10<\/td>\n<td>0.381<\/td>\n<td>64.07<\/td>\n<td>6,535<\/td>\n<\/tr>\n<tr>\n<td>11<\/td>\n<td>0.461<\/td>\n<td>77.53<\/td>\n<td>7,908<\/td>\n<\/tr>\n<tr>\n<td>12<\/td>\n<td>0.549<\/td>\n<td>92.27<\/td>\n<td>9,411<\/td>\n<\/tr>\n<tr>\n<td>13<\/td>\n<td>0.644<\/td>\n<td>108.29<\/td>\n<td>11,045<\/td>\n<\/tr>\n<tr>\n<td>14<\/td>\n<td>0.747<\/td>\n<td>125.59<\/td>\n<td>12,809<\/td>\n<\/tr>\n<tr>\n<td>16<\/td>\n<td>0.975<\/td>\n<td>164.03<\/td>\n<td>16,731<\/td>\n<\/tr>\n<tr>\n<td>18<\/td>\n<td>1.234<\/td>\n<td>207.60<\/td>\n<td>21,175<\/td>\n<\/tr>\n<tr>\n<td>20<\/td>\n<td>1.524<\/td>\n<td>256.30<\/td>\n<td>26,142<\/td>\n<\/tr>\n<\/tbody>\n<\/table>\n<h3><em>Our products had exported to many regions like North America, South America, Europe, Africa, Asia, Middle East, etc. Our factory professional made steel wire rope ,steel cable ,aircraft ,china,hardware over 20 years experience .20000tons annual yeild are a solid gurantee of qualified products for you. Guarantee excellent quality. We also could do OEM services, can well meet clients&#8217; needs and requests.<\/em><\/h3>\n<p>&nbsp;<\/p>\n<p><strong>Welcome to visit our factory!<\/strong><\/p>\n<p><strong>contact person:Rocky<\/strong><\/p>\n<p><strong>Phone\/whatsapp:+86 13801785300<\/strong><\/p>\n<p><strong>Skype:rockyyao79<\/strong><\/p>\n","protected":false},"excerpt":{"rendered":"<p>\u00c9clairage, appareils m\u00e9nagers, etc. Lors de la conception d&#039;un ensemble de c\u00e2bles, un certain nombre de facteurs doivent \u00eatre pris en compte, tels que la charge de travail, l&#039;abrasion, la dur\u00e9e de vie et la flexibilit\u00e9, l&#039;environnement, le co\u00fbt, la s\u00e9curit\u00e9, etc. plus le diam\u00e8tre est grand, plus la capacit\u00e9 de charge de travail est grande et moins elle sera flexible.<\/p>\n<p>AVERTISSEMENT\u00a0:\u00a0la r\u00e9sistance \u00e0 la rupture ne doit jamais \u00eatre consid\u00e9r\u00e9e comme la charge de travail de la corde, facteur de s\u00e9curit\u00e9 5\u00a0: 1, le rev\u00eatement doit \u00eatre retir\u00e9 de la zone d&#039;installation lors de la fixation des raccords<\/p>","protected":false},"featured_media":70843,"comment_status":"open","ping_status":"closed","template":"","meta":{"site-sidebar-layout":"","site-content-layout":"","ast-site-content-layout":"default","site-content-style":"default","site-sidebar-style":"default","ast-global-header-display":"","ast-banner-title-visibility":"","ast-main-header-display":"","ast-hfb-above-header-display":"","ast-hfb-below-header-display":"","ast-hfb-mobile-header-display":"","site-post-title":"","ast-breadcrumbs-content":"","ast-featured-img":"","footer-sml-layout":"","ast-disable-related-posts":"","theme-transparent-header-meta":"","adv-header-id-meta":"","stick-header-meta":"","header-above-stick-meta":"","header-main-stick-meta":"","header-below-stick-meta":"","astra-migrate-meta-layouts":"default","ast-page-background-enabled":"default","ast-page-background-meta":{"desktop":{"background-color":"","background-image":"","background-repeat":"repeat","background-position":"center center","background-size":"auto","background-attachment":"scroll","background-type":"","background-media":"","overlay-type":"","overlay-color":"","overlay-opacity":"","overlay-gradient":""},"tablet":{"background-color":"","background-image":"","background-repeat":"repeat","background-position":"center center","background-size":"auto","background-attachment":"scroll","background-type":"","background-media":"","overlay-type":"","overlay-color":"","overlay-opacity":"","overlay-gradient":""},"mobile":{"background-color":"","background-image":"","background-repeat":"repeat","background-position":"center center","background-size":"auto","background-attachment":"scroll","background-type":"","background-media":"","overlay-type":"","overlay-color":"","overlay-opacity":"","overlay-gradient":""}},"ast-content-background-meta":{"desktop":{"background-color":"var(--ast-global-color-5)","background-image":"","background-repeat":"repeat","background-position":"center center","background-size":"auto","background-attachment":"scroll","background-type":"","background-media":"","overlay-type":"","overlay-color":"","overlay-opacity":"","overlay-gradient":""},"tablet":{"background-color":"var(--ast-global-color-5)","background-image":"","background-repeat":"repeat","background-position":"center center","background-size":"auto","background-attachment":"scroll","background-type":"","background-media":"","overlay-type":"","overlay-color":"","overlay-opacity":"","overlay-gradient":""},"mobile":{"background-color":"var(--ast-global-color-5)","background-image":"","background-repeat":"repeat","background-position":"center center","background-size":"auto","background-attachment":"scroll","background-type":"","background-media":"","overlay-type":"","overlay-color":"","overlay-opacity":"","overlay-gradient":""}}},"product_brand":[],"product_cat":[94],"product_tag":[],"class_list":{"0":"post-70811","1":"product","2":"type-product","3":"status-publish","4":"has-post-thumbnail","6":"product_cat-wire-rope-assembly","7":"desktop-align-center","8":"tablet-align-center","9":"mobile-align-center","10":"ast-product-gallery-layout-horizontal","11":"ast-product-tabs-layout-horizontal","13":"first","14":"instock","15":"shipping-taxable","16":"product-type-simple"},"_links":{"self":[{"href":"https:\/\/www.lkingroup.co\/fr\/wp-json\/wp\/v2\/product\/70811","targetHints":{"allow":["GET"]}}],"collection":[{"href":"https:\/\/www.lkingroup.co\/fr\/wp-json\/wp\/v2\/product"}],"about":[{"href":"https:\/\/www.lkingroup.co\/fr\/wp-json\/wp\/v2\/types\/product"}],"replies":[{"embeddable":true,"href":"https:\/\/www.lkingroup.co\/fr\/wp-json\/wp\/v2\/comments?post=70811"}],"wp:featuredmedia":[{"embeddable":true,"href":"https:\/\/www.lkingroup.co\/fr\/wp-json\/wp\/v2\/media\/70843"}],"wp:attachment":[{"href":"https:\/\/www.lkingroup.co\/fr\/wp-json\/wp\/v2\/media?parent=70811"}],"wp:term":[{"taxonomy":"product_brand","embeddable":true,"href":"https:\/\/www.lkingroup.co\/fr\/wp-json\/wp\/v2\/product_brand?post=70811"},{"taxonomy":"product_cat","embeddable":true,"href":"https:\/\/www.lkingroup.co\/fr\/wp-json\/wp\/v2\/product_cat?post=70811"},{"taxonomy":"product_tag","embeddable":true,"href":"https:\/\/www.lkingroup.co\/fr\/wp-json\/wp\/v2\/product_tag?post=70811"}],"curies":[{"name":"wp","href":"https:\/\/api.w.org\/{rel}","templated":true}]}}