{"id":70999,"date":"2022-03-26T20:00:58","date_gmt":"2022-03-26T12:00:58","guid":{"rendered":"https:\/\/www.lkingroup.co\/?post_type=product&#038;p=70999"},"modified":"2022-03-26T20:51:25","modified_gmt":"2022-03-26T12:51:25","slug":"en-stock-304-7x19-corde-acier-inox-12-14-16-18-20mm","status":"publish","type":"product","link":"https:\/\/www.lkingroup.co\/fr\/shop\/in-stock-304-7x19-stainless-steel-wire-rope-12-14-16-18-20mm","title":{"rendered":"C\u00e2ble en acier inoxydable 304 7\u00d719 12\/14\/16\/18\/20mm"},"content":{"rendered":"\n<div data-section=\"AliPostDhMb-zttn0\" data-section-title=\"Product Description\" id=\"ali-anchor-AliPostDhMb-zttn0\" style=\"padding-top: 8px\">\n<div id=\"ali-title-AliPostDhMb-zttn0\" style=\"padding: 8px 0;border-bottom: 1px solid #ddd\">     <span style=\"background-color: #ddd;color: #333;font-weight: bold;padding: 8px 10px;line-height: 12px\">Product Description<\/span>    <\/div>\n<div style=\"padding: 10px 0\">\n<p><strong data-spm-anchor-id=\"a2700.details.pronpeci14.i0.213c5b0b0ZlaQp\">Construction and Application<\/strong><\/p>\n<ol>\n<li>6\u00d77+FC,6X7+IWRC, 6\u00d719+FC,6X19+WIRC, 6\u00d737+FC, 6X37+IWRC for cable car, cableway towing, slope hoisting, ship, derricking, lifting, towing etc.<\/li>\n<li>6\u00d712+7FC,6\u00d715+7FC,6\u00d724+7FC for tow boat, goods net, floating transportation of wood and lashing etc.<\/li>\n<li>6\u00d719S+FC,6\u00d719S+IWR, 6\u00d719W+FC,6\u00d719W+IWR, 6\u00d75Fi+FC,6\u00d725Fi+IWR, 6\u00d79Fi+FC,6\u00d729Fi+IWR, 6\u00d726SW+FC,6\u00d726SW+IWR, 6\u00d731SW+FC, 6\u00d731S+IWR, 6\u00d736SW+FC,6\u00d736S+IWRC for various equipment for hoisting, derricking, lifting, towing, port load and unload, blast furnace hoisting and oil well drilling. The rope with wire core can be used under the shock load, heated and squeezed conditions.<\/li>\n<li>18\u00d77+FC,18\u00d77+IWS, 18\u00d719+FC,18\u00d719+IWS 18\u00d719+FC,18\u00d719+IWS 4V\u00d739S+5FC which are suitable for vertical well drilling hoisting, cage channel of vertical well drilling, port load and unload derrick ,and tower crane.<\/li>\n<li>6\u00d73\u00d77, 7\u00d77\u00d77, 7\u00d77\u00d719 for cable of chain lock and flexible occasion.<\/li>\n<li>Wire Rope For Elevator 6\u00d719S+NF, 8\u00d719S+NF,6X19S+IWRC,8X19S+WIRC<\/li>\n<li>Galvanized Aircraft Cable 1\u00d77, 1\u00d719, 6\u00d7+FC ,6\u00d77+IWS,6\u00d719+FC,6\u00d719+IWS for aircraft purpose.<\/li>\n<\/ol>\n<p>&nbsp;<strong>&nbsp; Standard:&nbsp;<\/strong>GB\/T8918-1996, GB 1102-74, SC 1443-86, ISO, BS, DIN, JIS, API and RRW-410D and Other.<\/p>\n<p> <strong>We can supply steel wire ropes of many specifications with various surface to meet customers&#8217;needs.<\/strong><\/p>\n<\/p><\/div>\n<p>7&#215;19 AISI316 stainless steel wire rope is used for a wide range of applications. Extremely flexible when compared to both 1&#215;19 and 7&#215;7, the 7&#215;19 construction is often used where a flexible stainless steel wire rope is particularly required. 7&#215;19 performs well for running applications. Used extensively throughout the marine industry as well as for general engineering applications, 7&#215;19\u2019s excellent flexibility make it a favourite for control cable and a variety of marine rigging applications, examples of which are shown below:<\/p>\n<ul>\n<li>Applications<\/li>\n<li>Control cables<\/li>\n<li>Guardrail<\/li>\n<li>Standing rigging<\/li>\n<li>Running rigging<\/li>\n<li>Steering cable<\/li>\n<\/ul>\n<ul>\n<li>Marine\/Saltwater environment<\/li>\n<li>Sewage treatment works<\/li>\n<li>Wire rope slings<\/li>\n<li>Davit ropes<\/li>\n<\/ul>\n<table border=\"1\">\n<tbody>\n<tr>\n<th colspan=\"4\">Breaking Loads<\/th>\n<\/tr>\n<tr>\n<th scope=\"col\" width=\"27%\">Nominal Diameter<\/th>\n<th scope=\"col\" width=\"27%\">Approximate Mass<\/th>\n<th colspan=\"2\" scope=\"col\">Minimum breaking loads &#8211; 1570 Mpa<\/th>\n<\/tr>\n<tr>\n<th scope=\"col\" width=\"27%\">[mm]<\/th>\n<th scope=\"col\" width=\"27%\">[kg\/m]<\/th>\n<th scope=\"col\" width=\"23%\">[kN]<\/th>\n<th scope=\"col\" width=\"23%\">[Kg]<\/th>\n<\/tr>\n<tr>\n<td height=\"20\">3<\/td>\n<td>0.033<\/td>\n<td align=\"center\">5.00<\/td>\n<td align=\"center\">509<\/td>\n<\/tr>\n<tr>\n<td height=\"20\">4<\/td>\n<td>0.059<\/td>\n<td align=\"center\">8.89<\/td>\n<td align=\"center\">906<\/td>\n<\/tr>\n<tr>\n<td height=\"20\">5<\/td>\n<td>0.093<\/td>\n<td align=\"center\">13.90<\/td>\n<td align=\"center\">1,417<\/td>\n<\/tr>\n<tr>\n<td height=\"20\">6<\/td>\n<td>0.134<\/td>\n<td align=\"center\">20.00<\/td>\n<td align=\"center\">2,039<\/td>\n<\/tr>\n<tr>\n<td height=\"20\">7<\/td>\n<td>0.182<\/td>\n<td align=\"center\">27.30<\/td>\n<td align=\"center\">2,783<\/td>\n<\/tr>\n<tr>\n<td height=\"20\">8<\/td>\n<td>0.238<\/td>\n<td align=\"center\">35.60<\/td>\n<td align=\"center\">3,630<\/td>\n<\/tr>\n<tr>\n<td height=\"20\">10<\/td>\n<td>0.372<\/td>\n<td align=\"center\">55.60<\/td>\n<td align=\"center\">5,669<\/td>\n<\/tr>\n<tr>\n<td height=\"20\">12<\/td>\n<td>0.535<\/td>\n<td align=\"center\">80.00<\/td>\n<td align=\"center\">8,157<\/td>\n<\/tr>\n<tr>\n<td height=\"20\">14<\/td>\n<td>0.728<\/td>\n<td align=\"center\">109.00<\/td>\n<td align=\"center\">11,114<\/td>\n<\/tr>\n<\/tbody>\n<\/table><\/div>\n<div data-section=\"AliPostDhMb-h7vp7\" data-section-title=\"Product Show\" id=\"ali-anchor-AliPostDhMb-h7vp7\" style=\"padding-top: 8px\">\n<div id=\"ali-title-AliPostDhMb-h7vp7\" style=\"padding: 8px 0;border-bottom: 1px solid #ddd\">     <span style=\"background-color: #ddd;color: #333;font-weight: bold;padding: 8px 10px;line-height: 12px\">Product Show<\/span>    <\/div>\n<div style=\"padding: 10px 0\">\n<p>&nbsp;<img decoding=\"async\" alt=\"steel rope (13)\" src=\"http:\/\/www.lkingroup.co\/wp-content\/uploads\/2021\/06\/64bd5433312b5200e5340e64718c0eef.jpg\"><img decoding=\"async\" alt=\"steel rope (2)\" src=\"http:\/\/www.lkingroup.co\/wp-content\/uploads\/2021\/06\/845ba475c83bc1f3b8672f8a62c027ce.jpg\"><img decoding=\"async\" alt=\"steel rope (20)\" src=\"http:\/\/www.lkingroup.co\/wp-content\/uploads\/2021\/06\/696ee571b3dddd5d80e33124cf6c87a8.jpg\"><img decoding=\"async\" alt=\"wire rope (3)\" src=\"http:\/\/www.lkingroup.co\/wp-content\/uploads\/2021\/06\/edfd15b59aef5b35b13624ae61fdd6f7.jpg\"><\/p>\n<\/p><\/div>\n<\/p><\/div>\n<div data-section=\"AliPostDhMb-s50yr\" data-section-title=\"Application\" id=\"ali-anchor-AliPostDhMb-s50yr\" style=\"padding-top: 8px\">\n<div id=\"ali-title-AliPostDhMb-s50yr\" style=\"padding: 8px 0;border-bottom: 1px solid #ddd\">     <span style=\"background-color: #ddd;color: #333;font-weight: bold;padding: 8px 10px;line-height: 12px\">Application<\/span>    <\/div>\n<div style=\"padding: 10px 0\">\n<p>&nbsp;<img decoding=\"async\" alt=\"fence rope (1)\" src=\"http:\/\/www.lkingroup.co\/wp-content\/uploads\/2021\/06\/65906c0c036d6860602d94277b38ae30.jpg\"><\/p>\n<\/p><\/div>\n<\/p><\/div>\n<div data-section=\"AliPostDhMb-ji1d8\" data-section-title=\"FAQ\" id=\"ali-anchor-AliPostDhMb-ji1d8\" style=\"padding-top: 8px\">\n<div id=\"ali-title-AliPostDhMb-ji1d8\" style=\"padding: 8px 0;border-bottom: 1px solid #ddd\">\n<p><strong>How to order:<\/strong><\/p>\n<p>&nbsp;In ordering steel wire rope, you are requested to give us complete information as specified below:<\/p>\n<p>a. Purpose: For which rope will be used.<\/p>\n<p>b. Size: Diameter of the rope in millimeter or inches<\/p>\n<p>c. Construction: Number of strands, number of wires&nbsp;per strand and type of strand construction.<\/p>\n<p>d. Type of Core: Fiber core( FC), independent wire rope core(IWRC) or independent wire strand core(IWSC).<\/p>\n<p>e. Lay: Right regular lay, left regular lay, right lang lay, left lang lay.<\/p>\n<p>f. Coating: Bright(ungalvanized), galvanized or stainless, PVC or Grease.<\/p>\n<p>g. Grade of wire: Tensile strength of wires.<\/p>\n<p>h. Breaking Load: Minimum or calculated breaking load in tones or pounds.<\/p>\n<p>i. Lubrication: Whether lubrication is desired or not, and required lubricant.<\/p>\n<p>j. Length: Length of wire rope.<\/p>\n<p>k. Packing: In coils wrapped with oil paper and hessian(orp.p) cloth, or on wooden reels.<\/p>\n<p>l. Quantity: By number of coils or reels, by length or weight.<\/p>\n<p>m. Remarks: Shipping marks and any other special requirement.<\/p>\n<\/p><\/div>\n<\/p><\/div>\n","protected":false},"excerpt":{"rendered":"<p>Product Description Construction and Application 6\u00d77+FC,6X7+IWRC, 6\u00d719+FC,6X19+WIRC, 6\u00d737+FC, 6X37+IWRC for cable car, cableway towing, slope hoisting, ship, derricking, lifting, towing etc. 6\u00d712+7FC,6\u00d715+7FC,6\u00d724+7FC for tow boat, goods net, floating transportation of wood and lashing etc. 6\u00d719S+FC,6\u00d719S+IWR, 6\u00d719W+FC,6\u00d719W+IWR, 6\u00d75Fi+FC,6\u00d725Fi+IWR, 6\u00d79Fi+FC,6\u00d729Fi+IWR, 6\u00d726SW+FC,6\u00d726SW+IWR, 6\u00d731SW+FC, 6\u00d731S+IWR, 6\u00d736SW+FC,6\u00d736S+IWRC for various equipment for hoisting, derricking, lifting, towing, port load and unload, blast [&hellip;]<\/p>\n","protected":false},"featured_media":71170,"comment_status":"open","ping_status":"closed","template":"","meta":{"site-sidebar-layout":"","site-content-layout":"","ast-site-content-layout":"default","site-content-style":"default","site-sidebar-style":"default","ast-global-header-display":"","ast-banner-title-visibility":"","ast-main-header-display":"","ast-hfb-above-header-display":"","ast-hfb-below-header-display":"","ast-hfb-mobile-header-display":"","site-post-title":"","ast-breadcrumbs-content":"","ast-featured-img":"","footer-sml-layout":"","ast-disable-related-posts":"","theme-transparent-header-meta":"","adv-header-id-meta":"","stick-header-meta":"","header-above-stick-meta":"","header-main-stick-meta":"","header-below-stick-meta":"","astra-migrate-meta-layouts":"default","ast-page-background-enabled":"default","ast-page-background-meta":{"desktop":{"background-color":"","background-image":"","background-repeat":"repeat","background-position":"center center","background-size":"auto","background-attachment":"scroll","background-type":"","background-media":"","overlay-type":"","overlay-color":"","overlay-opacity":"","overlay-gradient":""},"tablet":{"background-color":"","background-image":"","background-repeat":"repeat","background-position":"center center","background-size":"auto","background-attachment":"scroll","background-type":"","background-media":"","overlay-type":"","overlay-color":"","overlay-opacity":"","overlay-gradient":""},"mobile":{"background-color":"","background-image":"","background-repeat":"repeat","background-position":"center center","background-size":"auto","background-attachment":"scroll","background-type":"","background-media":"","overlay-type":"","overlay-color":"","overlay-opacity":"","overlay-gradient":""}},"ast-content-background-meta":{"desktop":{"background-color":"var(--ast-global-color-5)","background-image":"","background-repeat":"repeat","background-position":"center center","background-size":"auto","background-attachment":"scroll","background-type":"","background-media":"","overlay-type":"","overlay-color":"","overlay-opacity":"","overlay-gradient":""},"tablet":{"background-color":"var(--ast-global-color-5)","background-image":"","background-repeat":"repeat","background-position":"center center","background-size":"auto","background-attachment":"scroll","background-type":"","background-media":"","overlay-type":"","overlay-color":"","overlay-opacity":"","overlay-gradient":""},"mobile":{"background-color":"var(--ast-global-color-5)","background-image":"","background-repeat":"repeat","background-position":"center center","background-size":"auto","background-attachment":"scroll","background-type":"","background-media":"","overlay-type":"","overlay-color":"","overlay-opacity":"","overlay-gradient":""}}},"product_brand":[],"product_cat":[621,93],"product_tag":[],"class_list":{"0":"post-70999","1":"product","2":"type-product","3":"status-publish","4":"has-post-thumbnail","6":"product_cat-new-arrival","7":"product_cat-steel-wire-rope","8":"desktop-align-center","9":"tablet-align-center","10":"mobile-align-center","11":"ast-product-gallery-layout-horizontal","12":"ast-product-tabs-layout-horizontal","14":"first","15":"instock","16":"shipping-taxable","17":"purchasable","18":"product-type-simple"},"_links":{"self":[{"href":"https:\/\/www.lkingroup.co\/fr\/wp-json\/wp\/v2\/product\/70999","targetHints":{"allow":["GET"]}}],"collection":[{"href":"https:\/\/www.lkingroup.co\/fr\/wp-json\/wp\/v2\/product"}],"about":[{"href":"https:\/\/www.lkingroup.co\/fr\/wp-json\/wp\/v2\/types\/product"}],"replies":[{"embeddable":true,"href":"https:\/\/www.lkingroup.co\/fr\/wp-json\/wp\/v2\/comments?post=70999"}],"wp:featuredmedia":[{"embeddable":true,"href":"https:\/\/www.lkingroup.co\/fr\/wp-json\/wp\/v2\/media\/71170"}],"wp:attachment":[{"href":"https:\/\/www.lkingroup.co\/fr\/wp-json\/wp\/v2\/media?parent=70999"}],"wp:term":[{"taxonomy":"product_brand","embeddable":true,"href":"https:\/\/www.lkingroup.co\/fr\/wp-json\/wp\/v2\/product_brand?post=70999"},{"taxonomy":"product_cat","embeddable":true,"href":"https:\/\/www.lkingroup.co\/fr\/wp-json\/wp\/v2\/product_cat?post=70999"},{"taxonomy":"product_tag","embeddable":true,"href":"https:\/\/www.lkingroup.co\/fr\/wp-json\/wp\/v2\/product_tag?post=70999"}],"curies":[{"name":"wp","href":"https:\/\/api.w.org\/{rel}","templated":true}]}}