{"id":71049,"date":"2022-03-26T20:02:31","date_gmt":"2022-03-26T12:02:31","guid":{"rendered":"https:\/\/www.lkingroup.co\/?post_type=product&#038;p=71049"},"modified":"2022-03-26T20:48:02","modified_gmt":"2022-03-26T12:48:02","slug":"%ea%b0%95%ec%b2%a0-%ec%99%80%ec%9d%b4%ec%96%b4-%eb%a1%9c%ed%94%84%eb%a1%9c-%eb%a7%8c%eb%93%a0-%eb%a7%9e%ec%b6%a4%ed%98%95-%ec%8a%a4%ed%83%80%ec%9d%bc%ec%9d%98-%eb%a9%8b%ec%a7%84-%ec%97%b4%ec%87%a0","status":"publish","type":"product","link":"https:\/\/www.lkingroup.co\/ko\/shop\/customized-style-fancy-key-rings-made-by-steel-wire-rope","title":{"rendered":"\uc2a4\ud2f8 \uc640\uc774\uc5b4 \ub85c\ud504\ub85c \ub9cc\ub4e0 \ub9de\ucda4\ud615 \uc2a4\ud0c0\uc77c\uc758 \uba4b\uc9c4 \uc5f4\uc1e0 \uace0\ub9ac"},"content":{"rendered":"<div data-section=\"AliPostDhMb-zttn0\" data-section-title=\"Product Description\" id=\"ali-anchor-AliPostDhMb-zttn0\" style=\"padding-top: 8px\">\n<div id=\"ali-title-AliPostDhMb-zttn0\" style=\"padding: 8px 0;border-bottom: 1px solid #ddd\">     <span style=\"background-color: #ddd;color: #333;font-weight: bold;padding: 8px 10px;line-height: 12px\">\uc81c\ud488 \uc124\uba85<\/span>    <\/div>\n<div style=\"padding: 10px 0\">\n<table border=\"1\" style=\"margin: 0px;padding: 0px;font-style: normal;font-weight: 400;font-size: 12px;line-height: inherit;font-family: Arial,Helvetica;border-collapse: collapse;width: 679px;color: #333333;background-color: #ffffff\">\n<tbody>\n<tr style=\"margin: 0px;padding: 0px;font-style: inherit;font-weight: inherit;font-size: 12px;line-height: inherit;height: 32px\">\n<td style=\"margin: 0px;padding: 0px;font-style: inherit;font-weight: 400;font-size: 12px;line-height: inherit;float: none;width: 163px;height: 32px\"><span style=\"color: #000000\"><strong><span style=\"font-family: Calibri, 'zapf dingbats';font-size: 18px\"><span style=\"margin: 0px;padding: 0px;border: 0px;font-style: inherit;line-height: 27px;vertical-align: baseline\">\uc7ac\ub8cc<\/span><\/span><\/strong><\/span><\/td>\n<td style=\"margin: 0px;padding: 0px;font-style: inherit;font-weight: 400;font-size: 12px;line-height: inherit;float: none;width: 514px;height: 32px\">\n<p style=\"margin: 0px;padding: 0px;border: 0px;font-style: inherit;font-weight: inherit;font-size: inherit;line-height: inherit;vertical-align: baseline\"><span style=\"margin: 0px;padding: 0px;border: 0px;font-style: inherit;line-height: 27px;vertical-align: baseline;font-family: Calibri, 'zapf dingbats';font-size: 18px;color: #000000\">\uc9c1\ub958 \uc804\uae30\ub97c \ud1b5\ud55c \uac15\ucca0 \ub610\ub294 \uc2a4\ud14c\uc778\ub9ac\uc2a4<\/span><\/p>\n<\/td>\n<\/tr>\n<tr style=\"margin: 0px;padding: 0px;font-style: inherit;font-weight: inherit;font-size: 12px;line-height: inherit;height: 30px\">\n<td style=\"margin: 0px;padding: 0px;font-style: inherit;font-weight: 400;font-size: 12px;line-height: inherit;float: none;width: 163px;height: 30px\"><span style=\"color: #000000;font-family: Calibri, 'zapf dingbats'\"><strong><span style=\"font-size: 18px\"><span style=\"margin: 0px;padding: 0px;border: 0px;font-style: inherit;line-height: 27px;vertical-align: baseline\"><span style=\"font-style: normal;text-align: left;background-color: #ffffff;float: none\">\uacf5\uc0ac<\/span><\/span><\/span><\/strong><\/span><\/td>\n<td style=\"margin: 0px;padding: 0px;font-style: inherit;font-weight: 400;font-size: 12px;line-height: inherit;float: none;width: 514px;height: 30px\"><span style=\"font-size: 18px;color: #000000;font-family: Calibri, 'zapf dingbats'\">1\u00d77, 1\u00d719, 6\u00d77, 7\u00d77, 6\u00d719, 7\u00d719 \ub4f1<\/span><\/td>\n<\/tr>\n<tr style=\"margin: 0px;padding: 0px;font-style: inherit;font-weight: inherit;font-size: 12px;line-height: inherit;height: 30px\">\n<td style=\"margin: 0px;padding: 0px;font-style: inherit;font-weight: 400;font-size: 12px;line-height: inherit;float: none;width: 163px;height: 30px\"><span style=\"color: #000000;font-family: Calibri, 'zapf dingbats'\"><strong><span style=\"font-size: 18px\"><span style=\"margin: 0px;padding: 0px;border: 0px;font-style: inherit;line-height: 27px;vertical-align: baseline\">\uc9c0\ub984<\/span><\/span><\/strong><\/span><\/td>\n<td style=\"margin: 0px;padding: 0px;font-style: inherit;font-weight: 400;font-size: 12px;line-height: inherit;float: none;width: 514px;height: 30px\"><span style=\"color: #000000;font-family: Calibri, 'zapf dingbats';font-size: 18px;font-style: normal;font-weight: 400;text-align: left;background-color: #ffffff;float: none\">1-20mm<\/span><\/td>\n<\/tr>\n<tr style=\"margin: 0px;padding: 0px;font-style: inherit;font-weight: inherit;font-size: 12px;line-height: inherit;height: 30px\">\n<td style=\"margin: 0px;padding: 0px;font-style: inherit;font-weight: 400;font-size: 12px;line-height: inherit;float: none;width: 163px;height: 30px\"><span style=\"color: #000000;font-family: Calibri, 'zapf dingbats'\"><strong><span style=\"font-size: 18px\"><span style=\"margin: 0px;padding: 0px;border: 0px;font-style: inherit;line-height: 27px;vertical-align: baseline\">\ud3ec\uc7a5<\/span><\/span><\/strong><\/span><\/td>\n<td style=\"margin: 0px;padding: 0px;font-style: inherit;font-weight: 400;font-size: 12px;line-height: inherit;float: none;width: 514px;height: 30px\"><span style=\"color: #000000;font-size: 18px;font-style: normal;font-weight: 400;text-align: left;background-color: #ffffff;float: none;font-family: Calibri, 'zapf dingbats'\"><span style=\"color: #000000;font-size: 18px;font-style: normal;font-weight: 400;text-align: left;background-color: #ffffff;float: none\">\ub098\ubb34 \ub9b4, \ucf54\uc77c<\/span><\/span><\/td>\n<\/tr>\n<tr style=\"margin: 0px;padding: 0px;font-style: inherit;font-weight: inherit;font-size: 12px;line-height: inherit;height: 30px\">\n<td style=\"margin: 0px;padding: 0px;font-style: inherit;font-weight: 400;font-size: 12px;line-height: inherit;float: none;width: 163px;height: 30px\"><span style=\"color: #000000;font-family: Calibri, 'zapf dingbats'\"><strong><span style=\"font-size: 18px\"><span style=\"margin: 0px;padding: 0px;border: 0px;font-style: inherit;line-height: 27px;vertical-align: baseline\">HS \ucf54\ub4dc<\/span><\/span><\/strong><\/span><\/td>\n<td style=\"margin: 0px;padding: 0px;font-style: inherit;font-weight: 400;font-size: 12px;line-height: inherit;float: none;width: 514px;height: 30px\"><span style=\"color: #000000;font-family: Calibri, 'zapf dingbats';font-size: 18px;font-style: normal;font-weight: 400;text-align: left;background-color: #ffffff;float: none\">7312100000<\/span><\/td>\n<\/tr>\n<tr style=\"margin: 0px;padding: 0px;font-style: inherit;font-weight: inherit;font-size: 12px;line-height: inherit;height: 30px\">\n<td style=\"margin: 0px;padding: 0px;font-style: inherit;font-weight: 400;font-size: 12px;line-height: inherit;float: none;width: 163px;height: 30px\"><span style=\"color: #000000\"><strong><span style=\"font-family: Calibri, 'zapf dingbats';font-size: 18px\"><span style=\"margin: 0px;padding: 0px;border: 0px;font-style: inherit;line-height: 27px;vertical-align: baseline\">\uc6d0\uc0b0\uc9c0<\/span><\/span><\/strong><\/span><\/td>\n<td style=\"margin: 0px;padding: 0px;font-style: inherit;font-weight: 400;font-size: 12px;line-height: inherit;float: none;width: 514px;height: 30px\"><span style=\"margin: 0px;padding: 0px;border: 0px;font-style: inherit;line-height: 27px;vertical-align: baseline;font-family: Calibri, 'zapf dingbats';font-size: 18px;color: #000000\">\uc911\uad6d \uc0c1\ud558\uc774<\/span><\/td>\n<\/tr>\n<tr style=\"margin: 0px;padding: 0px;font-style: inherit;font-weight: inherit;font-size: 12px;line-height: inherit;height: 54px\">\n<td style=\"margin: 0px;padding: 0px;font-style: inherit;font-weight: 400;font-size: 12px;line-height: inherit;float: none;width: 163px;height: 54px\"><span style=\"color: #000000\"><strong><span style=\"font-family: Calibri, 'zapf dingbats';font-size: 18px\"><span style=\"margin: 0px;padding: 0px;border: 0px;font-style: inherit;line-height: 27px;vertical-align: baseline\">\uacac\ubcf8<\/span><\/span><\/strong><\/span><\/td>\n<td style=\"margin: 0px;padding: 0px;font-style: inherit;font-weight: 400;font-size: 12px;line-height: inherit;float: none;width: 514px;height: 54px\"><span style=\"margin: 0px;padding: 0px;border: 0px;font-style: inherit;line-height: 27px;vertical-align: baseline;font-family: Calibri, 'zapf dingbats';font-size: 18px;color: #000000\">\uc7ac\uace0\uac00 \uc788\ub294 \uacbd\uc6b0 \ucc38\uc870 \uc0d8\ud50c\uc744 \uc81c\uacf5\ud560 \uc218 \uc788\uc9c0\ub9cc \uc0d8\ud50c \ubc30\uc1a1 \ube44\uc6a9\uc740 \uace0\uac1d\uc774 \ubd80\ub2f4\ud574\uc57c \ud569\ub2c8\ub2e4.<\/span><\/td>\n<\/tr>\n<\/tbody>\n<\/table><\/div>\n<\/p><\/div>\n<div data-section=\"AliPostDhMb-h7vp7\" data-section-title=\"Product Show\" id=\"ali-anchor-AliPostDhMb-h7vp7\" style=\"padding-top: 8px\">\n<div id=\"ali-title-AliPostDhMb-h7vp7\" style=\"padding: 8px 0;border-bottom: 1px solid #ddd\">     <span style=\"background-color: #ddd;color: #333;font-weight: bold;padding: 8px 10px;line-height: 12px\">\uc81c\ud488 \uc1fc<\/span>    <\/div>\n<div style=\"padding: 10px 0\">\n<p>&nbsp;<img decoding=\"async\" alt=\"\uc2a4\ud2f8 \uc640\uc774\uc5b4 \ub85c\ud504\ub85c \ub9cc\ub4e0 \ub9de\ucda4\ud615 \uc2a4\ud0c0\uc77c\uc758 \uba4b\uc9c4 \uc5f4\uc1e0 \uace0\ub9ac\" src=\"\/\/sc01.alicdn.com\/kf\/Ha78553e6cbe04a9e9fd5abdbabc01c49S\/237848973\/Ha78553e6cbe04a9e9fd5abdbabc01c49S.jpg\"><img decoding=\"async\" alt=\"\uc2a4\ud2f8 \uc640\uc774\uc5b4 \ub85c\ud504\ub85c \ub9cc\ub4e0 \ub9de\ucda4\ud615 \uc2a4\ud0c0\uc77c\uc758 \uba4b\uc9c4 \uc5f4\uc1e0 \uace0\ub9ac\" src=\"\/\/sc01.alicdn.com\/kf\/Hce305067398e44fda34209b6ee7484d46\/237848973\/Hce305067398e44fda34209b6ee7484d46.jpg\"><img decoding=\"async\" alt=\"\uc2a4\ud2f8 \uc640\uc774\uc5b4 \ub85c\ud504\ub85c \ub9cc\ub4e0 \ub9de\ucda4\ud615 \uc2a4\ud0c0\uc77c\uc758 \uba4b\uc9c4 \uc5f4\uc1e0 \uace0\ub9ac\" src=\"\/\/sc02.alicdn.com\/kf\/H159a17f1ea9e4c53957ff65b26db7f83A\/237848973\/H159a17f1ea9e4c53957ff65b26db7f83A.jpg\"><img decoding=\"async\" alt=\"\uc2a4\ud2f8 \uc640\uc774\uc5b4 \ub85c\ud504\ub85c \ub9cc\ub4e0 \ub9de\ucda4\ud615 \uc2a4\ud0c0\uc77c\uc758 \uba4b\uc9c4 \uc5f4\uc1e0 \uace0\ub9ac\" src=\"\/\/sc01.alicdn.com\/kf\/Hfe286bb152d747bfb85215e163d92a91x\/237848973\/Hfe286bb152d747bfb85215e163d92a91x.jpg\"><\/p>\n<\/p><\/div>\n<\/p><\/div>\n<div data-section=\"AliPostDhMb-s50yr\" data-section-title=\"Application\" id=\"ali-anchor-AliPostDhMb-s50yr\" style=\"padding-top: 8px\">\n<div id=\"ali-title-AliPostDhMb-s50yr\" style=\"padding: 8px 0;border-bottom: 1px solid #ddd\">     <span style=\"background-color: #ddd;color: #333;font-weight: bold;padding: 8px 10px;line-height: 12px\">\uc560\ud50c\ub9ac\ucf00\uc774\uc158<\/span>    <\/div>\n<div style=\"padding: 10px 0\">\n<p>&nbsp;<img decoding=\"async\" alt=\"\uc2a4\ud2f8 \uc640\uc774\uc5b4 \ub85c\ud504\ub85c \ub9cc\ub4e0 \ub9de\ucda4\ud615 \uc2a4\ud0c0\uc77c\uc758 \uba4b\uc9c4 \uc5f4\uc1e0 \uace0\ub9ac\" src=\"\/\/sc01.alicdn.com\/kf\/H40c712b45c9d4748b75f3609b455a23c0\/237848973\/H40c712b45c9d4748b75f3609b455a23c0.jpg\"><\/p>\n<\/p><\/div>\n<p>    <span style=\"background-color: #ddd;color: #333;font-weight: bold;padding: 8px 10px;line-height: 12px\">\uc0dd\uc0b0 \ud750\ub984<\/span>   <\/div>\n<div data-section=\"AliPostDhMb-ji1d8\" data-section-title=\"FAQ\" id=\"ali-anchor-AliPostDhMb-ji1d8\" style=\"padding-top: 8px\">\n<div id=\"ali-title-AliPostDhMb-ji1d8\" style=\"padding: 8px 0;border-bottom: 1px solid #ddd\">\n<table border=\"1\" cellpadding=\"1\" cellspacing=\"1\" style=\"width: 650px\">\n<tbody>\n<tr>\n<td style=\"text-align: center\"><strong>\uc544\ub2c8.<\/strong><\/td>\n<td style=\"text-align: center\"><strong>\uc0dd\uc0b0 \uacfc\uc815<\/strong><\/td>\n<td style=\"text-align: center\"><strong>\uc544\ub2c8.<\/strong><\/td>\n<td style=\"text-align: center\"><strong>\uc0dd\uc0b0 \uacfc\uc815<\/strong><\/td>\n<td style=\"text-align: center\"><strong>\uc544\ub2c8.<\/strong><\/td>\n<td style=\"text-align: center\"><strong>\uc0dd\uc0b0 \uacfc\uc815<\/strong><\/td>\n<\/tr>\n<tr>\n<td style=\"text-align: center\"><strong>1<\/strong><\/td>\n<td style=\"text-align: center\">\n<p><strong><img decoding=\"async\" src=\"https:\/\/s3.amazonaws.com\/image-album\/126518\/20200630\/4bd8df0169c75adce42ed44606df4aec.jpg\" alt=\"\"><br \/> \uc6d0\ub8cc<\/strong><\/p>\n<\/td>\n<td style=\"text-align: center\"><strong>2<\/strong><\/td>\n<td style=\"text-align: center\">\n<p><strong><img decoding=\"async\" src=\"https:\/\/s3.amazonaws.com\/image-album\/126518\/20200630\/5728bb1b5dbc472506c88d085b737a5c.jpg\" alt=\"\"><br \/> \ubca4\uce58 \uba38\uc2e0 \uadf8\ub9ac\uae30<\/strong><\/p>\n<\/td>\n<td style=\"text-align: center\"><strong>3<\/strong><\/td>\n<td style=\"text-align: center\">\n<p><strong><img decoding=\"async\" src=\"https:\/\/s3.amazonaws.com\/image-album\/126518\/20200630\/2d0d503c03f15e3a3cb903d3ca4430c4.jpg\" alt=\"\"><br \/> \uace0\uc18d \ub354\ube14 \ud2b8\uc704\uc2a4\ud130<\/strong><\/p>\n<\/td>\n<\/tr>\n<tr>\n<td style=\"text-align: center\"><strong>4<\/strong><\/td>\n<td style=\"text-align: center\">\n<p><strong><img decoding=\"async\" src=\"https:\/\/s3.amazonaws.com\/image-album\/126518\/20200630\/274f366ae5221da23ec4b2ba104c9a43.jpg\" alt=\"\"><br \/> \uace0\uc18d \ud2b8\uc704\uc2a4\ud130<\/strong><\/p>\n<\/td>\n<td style=\"text-align: center\"><strong>5<\/strong><\/td>\n<td style=\"text-align: center\">\n<p><strong><img decoding=\"async\" src=\"https:\/\/s3.amazonaws.com\/image-album\/126518\/20200630\/a89d9ae1a7fbb9891ab574424a022353.jpg\" alt=\"\"><br \/> \ud3d0\uc1c4 \uae30\uacc4<\/strong><\/p>\n<\/td>\n<td style=\"text-align: center\"><strong>6<\/strong><\/td>\n<td style=\"text-align: center\">\n<p><strong><img decoding=\"async\" src=\"https:\/\/s3.amazonaws.com\/image-album\/126518\/20200630\/f7eaabcce7102b877119c9e203634340.jpg\" alt=\"\"><br \/> \ucc3d\uace0<\/strong><\/p>\n<\/td>\n<\/tr>\n<\/tbody>\n<\/table>\n<div style=\"text-align: center\">      &nbsp;     <\/div>\n<\/p><\/div>\n<\/p><\/div>\n<p>   <strong>\uc790\uc8fc\ud558\ub294 \uc9c8\ubb38<\/strong>   <\/p>\n<p>Q: \uc81c\uc870\uc790 \ub610\ub294 \uc0c1\uc778?<br \/> A: \uc6b0\ub9ac\ub294 20\ub144 \uc774\uc0c1 \ub3d9\uc548 \uc640\uc774\uc5b4 \uc5c5\uacc4\uc758 \uc81c\uc870\uc5c5\uccb4\uc785\ub2c8\ub2e4.&nbsp;<\/p>\n<p> Q: \uc0dd\uc0b0 \ub2a5\ub825?<br \/> A: \uc0dd\uc0b0 \ub2a5\ub825\uc740 \uc644\uc804\ud788 \uc6d4 9,000\ud1a4\uc785\ub2c8\ub2e4. \uc774 \uc81c\ud488\uc758 \uc0dd\uc0b0\ub2a5\ub825\uc740 \uc6d4 1,500\ud1a4\uc774\ub2e4.<\/p>\n<p> Q: \uc8fc\uc694 \uc2dc\uc7a5?<br \/> A: \uc6b0\ub9ac\uc758 \uc8fc\uc694 \uc2dc\uc7a5\uc740 \uc678\uad6d \uace0\uac1d\uc785\ub2c8\ub2e4. 80% \uc81c\ud488\uc740 \uc218\ucd9c\uc6a9\uc785\ub2c8\ub2e4. \uc8fc\uc694 \uad6d\uac00\ub294 \uc77c\ubcf8, \ud55c\uad6d, \ub0a8\uc544\uc2dc\uc544 \uc9c0\uc5ed, \uc720\ub7fd, \ubbf8\uad6d, \uce90\ub098\ub2e4 \ubc0f \ub0a8\ubbf8 \ub4f1\uc785\ub2c8\ub2e4.<\/p>\n<p> Q: \ubb38\uc758\ud560 \ub54c \uc5b4\ub5a4 \uc815\ubcf4\ub97c \uc81c\uacf5\ud574\uc57c \ud569\ub2c8\uae4c?<br \/> A: PVC \ucf54\ud305 \uc804 \uc9c1\uacbd; PVC\ucf54\ud305 \ud6c4 \uc2ec\uc120\ud615 \uc544\uc5f0\ucf54\ud305, \uc778\uc7a5\uac15\ub3c4, \ud328\ud0b9, \uc0c9\uc0c1 \uc694\uad6c\uc0ac\ud56d<\/p>\n<p> Q: MOQ\ub294 \ubb34\uc5c7\uc785\ub2c8\uae4c?<br \/> A: \ud488\uc9c8 \uac80\uc0ac\ub97c \uc704\ud574 \ud558\ub098\uc758 \ucf54\uc77c\uacfc \uac19\uc740 \uc18c\ub7c9 \uc8fc\ubb38\uc744 \ubc1b\uc2b5\ub2c8\ub2e4. \uc815\uc0c1\uc801\uc778 \ud611\ub825\uc744 \uc704\ud574 \uc6b4\uc1a1 \uc911 \uc0c1\ud488\uc758 \uc548\uc804\uc744 \ubcf4\uc7a5\ud558\uae30 \uc704\ud574 FCL \ucee8\ud14c\uc774\ub108 \uc218\ub7c9\uc744 \uc120\ud638\ud569\ub2c8\ub2e4.<\/p>\n<p> Q: \uc9c0\ubd88 \uae30\uac04\uc740 \ubb34\uc5c7\uc785\ub2c8\uae4c?<br \/> A: T\/T; \uc2e0\uc6a9\uc7a5; D\/P \ub4f1<\/p>\n<p> Q: \ubb34\ub8cc \uc0d8\ud50c\uc744 \uc0ac\uc6a9\ud560 \uc218 \uc788\uc2b5\ub2c8\uae4c?<br \/> A: \ub124. 1kg \uc774\ub0b4\uc758 \ubb34\ub8cc \uc0d8\ud50c \uac00\ub2a5<\/p>\n<p> Q: \uc81c3\uc790 \uac80\uc0ac\uac00 \uac00\ub2a5\ud569\ub2c8\uae4c?<br \/> A: \ub124, \uac00\ub2a5\ud569\ub2c8\ub2e4. \uc694\uae08\uc740 \uad6c\ub9e4\uc790\uc5d0\uac8c \uc788\uc2b5\ub2c8\ub2e4.<\/p>","protected":false},"excerpt":{"rendered":"<p>Product Description Material galvanized steel or stainless steel Constuction 1&#215;7, 1&#215;19, 6&#215;7, 7&#215;7, 6&#215;19, 7&#215;19, etc Diameter 1-20mm Packing Wooden reels, coils HS Code 7312100000 Place of Origin Shanghai, China Sample We&nbsp;can provide reference samples if available in stock, but the sample delivery cost should be borne by customer. Product Show &nbsp; Application &nbsp; Production [&hellip;]<\/p>\n","protected":false},"featured_media":71190,"comment_status":"open","ping_status":"closed","template":"","meta":{"site-sidebar-layout":"","site-content-layout":"","ast-site-content-layout":"default","site-content-style":"default","site-sidebar-style":"default","ast-global-header-display":"","ast-banner-title-visibility":"","ast-main-header-display":"","ast-hfb-above-header-display":"","ast-hfb-below-header-display":"","ast-hfb-mobile-header-display":"","site-post-title":"","ast-breadcrumbs-content":"","ast-featured-img":"","footer-sml-layout":"","ast-disable-related-posts":"","theme-transparent-header-meta":"","adv-header-id-meta":"","stick-header-meta":"","header-above-stick-meta":"","header-main-stick-meta":"","header-below-stick-meta":"","astra-migrate-meta-layouts":"default","ast-page-background-enabled":"default","ast-page-background-meta":{"desktop":{"background-color":"","background-image":"","background-repeat":"repeat","background-position":"center center","background-size":"auto","background-attachment":"scroll","background-type":"","background-media":"","overlay-type":"","overlay-color":"","overlay-opacity":"","overlay-gradient":""},"tablet":{"background-color":"","background-image":"","background-repeat":"repeat","background-position":"center center","background-size":"auto","background-attachment":"scroll","background-type":"","background-media":"","overlay-type":"","overlay-color":"","overlay-opacity":"","overlay-gradient":""},"mobile":{"background-color":"","background-image":"","background-repeat":"repeat","background-position":"center center","background-size":"auto","background-attachment":"scroll","background-type":"","background-media":"","overlay-type":"","overlay-color":"","overlay-opacity":"","overlay-gradient":""}},"ast-content-background-meta":{"desktop":{"background-color":"var(--ast-global-color-5)","background-image":"","background-repeat":"repeat","background-position":"center center","background-size":"auto","background-attachment":"scroll","background-type":"","background-media":"","overlay-type":"","overlay-color":"","overlay-opacity":"","overlay-gradient":""},"tablet":{"background-color":"var(--ast-global-color-5)","background-image":"","background-repeat":"repeat","background-position":"center center","background-size":"auto","background-attachment":"scroll","background-type":"","background-media":"","overlay-type":"","overlay-color":"","overlay-opacity":"","overlay-gradient":""},"mobile":{"background-color":"var(--ast-global-color-5)","background-image":"","background-repeat":"repeat","background-position":"center center","background-size":"auto","background-attachment":"scroll","background-type":"","background-media":"","overlay-type":"","overlay-color":"","overlay-opacity":"","overlay-gradient":""}}},"product_brand":[],"product_cat":[94],"product_tag":[],"class_list":{"0":"post-71049","1":"product","2":"type-product","3":"status-publish","4":"has-post-thumbnail","6":"product_cat-wire-rope-assembly","7":"desktop-align-center","8":"tablet-align-center","9":"mobile-align-center","10":"ast-product-gallery-layout-horizontal","11":"ast-product-tabs-layout-horizontal","13":"first","14":"instock","15":"shipping-taxable","16":"purchasable","17":"product-type-simple"},"_links":{"self":[{"href":"https:\/\/www.lkingroup.co\/ko\/wp-json\/wp\/v2\/product\/71049","targetHints":{"allow":["GET"]}}],"collection":[{"href":"https:\/\/www.lkingroup.co\/ko\/wp-json\/wp\/v2\/product"}],"about":[{"href":"https:\/\/www.lkingroup.co\/ko\/wp-json\/wp\/v2\/types\/product"}],"replies":[{"embeddable":true,"href":"https:\/\/www.lkingroup.co\/ko\/wp-json\/wp\/v2\/comments?post=71049"}],"wp:featuredmedia":[{"embeddable":true,"href":"https:\/\/www.lkingroup.co\/ko\/wp-json\/wp\/v2\/media\/71190"}],"wp:attachment":[{"href":"https:\/\/www.lkingroup.co\/ko\/wp-json\/wp\/v2\/media?parent=71049"}],"wp:term":[{"taxonomy":"product_brand","embeddable":true,"href":"https:\/\/www.lkingroup.co\/ko\/wp-json\/wp\/v2\/product_brand?post=71049"},{"taxonomy":"product_cat","embeddable":true,"href":"https:\/\/www.lkingroup.co\/ko\/wp-json\/wp\/v2\/product_cat?post=71049"},{"taxonomy":"product_tag","embeddable":true,"href":"https:\/\/www.lkingroup.co\/ko\/wp-json\/wp\/v2\/product_tag?post=71049"}],"curies":[{"name":"wp","href":"https:\/\/api.w.org\/{rel}","templated":true}]}}