{"id":70814,"date":"2022-03-26T19:57:49","date_gmt":"2022-03-26T11:57:49","guid":{"rendered":"https:\/\/www.lkingroup.co\/?post_type=product&#038;p=70814"},"modified":"2022-03-26T20:32:55","modified_gmt":"2022-03-26T12:32:55","slug":"3-2mm-mangueira-whipcheck-steel-wire-rope-and-sling-com-aluminium-ferrules","status":"publish","type":"product","link":"https:\/\/www.lkingroup.co\/pt\/shop\/3-2mm-hose-whipcheck-steel-wire-rope-and-sling-with-aluminium-ferrules","title":{"rendered":"Cabo de a\u00e7o e eslinga de a\u00e7o para mangueira de 3,2 mm com ponteiras de alum\u00ednio"},"content":{"rendered":"<h2 style=\"text-align: center;\">3.2mm Hose Whipcheck Steel Wire Rope Sling With Aluminium Ferrules<\/h2>\n<p>&nbsp;<\/p>\n<p><img decoding=\"async\" src=\"http:\/\/www.wirerope-sling.com\/photo\/wirerope-sling\/editor\/20190420113011_97274.jpg\" alt=\"3.2mm Hose Whipcheck Steel Wire Rope And Sling With Aluminium Ferrules\" \/><\/p>\n<p>A pressurized air hose in case of hose failure or accidental uncoupling could cause the hose assembly to whip violently due to the sudden release of energy. The lethal whipping hose lethal can create a potentially dangerous situation. In such a scenario Superex whipcheck safety cables ensure safety from injury and property damage.<\/p>\n<p>Whipchecks are hose arrestors made of corrosion resistant, high strength \u2013 steel, aluminum, copper or stainless steel which on installation diverts strain from the coupling to the whip check.<\/p>\n<p>Installation of whipcheck is easy and requires no tools- the spring loaded loops of the whipcheck are opened and slipped over each hose providing a firm grip on the hose and avoiding it from whipping in case of accidents. Whipchecks are commonly used on hose for air, water blast, drilling, steam, concrete, sandblast or other high pressure applications.<\/p>\n<p>&nbsp;<\/p>\n<p>&nbsp;<\/p>\n<h3>Packaging &amp; Delivery<\/h3>\n<div>\n<p>Selling Units:<\/p>\n<p>Single item<\/p>\n<p>Single package size:<\/p>\n<p>414X41X17 cm<\/p>\n<p>Single gross weight:<\/p>\n<p>22.0 kg<\/p>\n<p>Package Type:<\/p>\n<p>Whipcheck Steel Safety Cables And Plated Springs With Aluminium Ferrules<br \/>\nstandard export carton or as customer requirement<\/p>\n<p>Lead Time :<\/p>\n<table class=\"supply-ability-table ui2-table ui2-table-hover ui2-table-normal ui2-table-zebra\" border=\"1\" cellspacing=\"0\" cellpadding=\"0\">\n<tbody>\n<tr>\n<td>Quantity(Piece)<\/td>\n<td>1 &#8211; 10000<\/td>\n<td>&gt;10000<\/td>\n<\/tr>\n<tr>\n<td>Est. Time(days)<\/td>\n<td>25<\/td>\n<td>To be negotiated<\/td>\n<\/tr>\n<\/tbody>\n<\/table>\n<\/div>\n<p>&nbsp;<\/p>\n<p><img decoding=\"async\" src=\"http:\/\/www.wirerope-sling.com\/photo\/wirerope-sling\/editor\/20190420113252_78368.jpg\" alt=\"3.2mm Hose Whipcheck Steel Wire Rope And Sling With Aluminium Ferrules\" \/><\/p>\n<div>\n<table border=\"1\" cellspacing=\"0\" cellpadding=\"0\">\n<tbody>\n<tr>\n<td>1.Diameter<\/td>\n<td>3-10mm<\/td>\n<td rowspan=\"7\">Custom-made available<\/td>\n<\/tr>\n<tr>\n<td>2.construction<\/td>\n<td>1*7,7*7,1*19,7*19,etc<\/td>\n<\/tr>\n<tr>\n<td>3.material<\/td>\n<td>galvanized steel or stainless<\/td>\n<\/tr>\n<tr>\n<td>4.MOQ<\/td>\n<td>500pcs<\/td>\n<\/tr>\n<tr>\n<td>5.length<\/td>\n<td>0.5-5m as request<\/td>\n<\/tr>\n<tr>\n<td>6.eyelet<\/td>\n<td>as requirement<\/td>\n<\/tr>\n<tr>\n<td>8.end parts of fittings<\/td>\n<td>a large selection of end fittings,including eye bolts,links,springs,hooks,thimble,clips,stops,ball ,ball shanks ,sleeve ,stamped eye,handles,etc<\/td>\n<\/tr>\n<tr>\n<td>9.Lead time<\/td>\n<td colspan=\"2\">7days if there were enough material in stock<\/td>\n<\/tr>\n<tr>\n<td>10.sample<\/td>\n<td colspan=\"2\">Free sample available if all of dimensions same as our existing one ,if not ,contact me ,to get a cost efficient solution.<\/td>\n<\/tr>\n<tr>\n<td>&nbsp;<\/p>\n<p>&nbsp;<\/p>\n<p>application<\/td>\n<td colspan=\"2\">\n<ul>\n<li>&nbsp;<\/li>\n<li>It is made out of Soft Aluminum ,Special steel rope and spring material<\/li>\n<li>It should be used in all blast &amp; air hoses to reduce the danger caused by hose coupling failure.<\/li>\n<li>To help prevent accidents or injury resulting from Hose or Coupling Failure.<\/li>\n<\/ul>\n<\/td>\n<\/tr>\n<tr>\n<td>specification<\/td>\n<td colspan=\"2\">Refer to the drawing as below:<\/p>\n<p>All of specification custom-made available. the tighter tolerance ,the higher the cost of the cost.<\/td>\n<\/tr>\n<\/tbody>\n<\/table>\n<p>&nbsp;<\/p>\n<p>&nbsp;<\/p>\n<\/div>\n<p><strong>how to choose material:<\/strong><strong>1stain<\/strong>1.1.1.<\/p>\n<p>1.stainless steel :<\/p>\n<p>providing good corrosion resistance and strength comparable to galvanized carbon steel grades.<\/p>\n<p>2.galvanized steel:<\/p>\n<p>Zinc coated carbon steel offers some corrosion resistance. It remains ductile over long periods of working. Usually higher break strengths than stainless steels.<\/p>\n<p>&nbsp;<\/p>\n<table border=\"1\" cellspacing=\"0\" cellpadding=\"0\">\n<tbody>\n<tr>\n<td><strong>Nominal Diameter<\/strong><\/td>\n<td><strong>Approximate Mass<\/strong><\/td>\n<td colspan=\"2\"><strong>Minimum breaking loads &#8211; 1770 Mpa<\/strong><\/td>\n<\/tr>\n<tr>\n<td><strong>[mm]<\/strong><\/td>\n<td><strong>[kg\/m]<\/strong><\/td>\n<td><strong>[kN]<\/strong><\/td>\n<td><strong>[Kg]<\/strong><\/td>\n<\/tr>\n<tr>\n<td>3<\/td>\n<td>0.034<\/td>\n<td>5.77<\/td>\n<td>588<\/td>\n<\/tr>\n<tr>\n<td>4<\/td>\n<td>0.061<\/td>\n<td>10.25<\/td>\n<td>1,045<\/td>\n<\/tr>\n<tr>\n<td>5<\/td>\n<td>0.095<\/td>\n<td>16.02<\/td>\n<td>1,633<\/td>\n<\/tr>\n<tr>\n<td>6<\/td>\n<td>0.137<\/td>\n<td>23.07<\/td>\n<td>2,352<\/td>\n<\/tr>\n<tr>\n<td>7<\/td>\n<td>0.187<\/td>\n<td>31.40<\/td>\n<td>3,202<\/td>\n<\/tr>\n<tr>\n<td>8<\/td>\n<td>0.244<\/td>\n<td>41.01<\/td>\n<td>4,182<\/td>\n<\/tr>\n<tr>\n<td>9<\/td>\n<td>0.309<\/td>\n<td>51.90<\/td>\n<td>5,293<\/td>\n<\/tr>\n<tr>\n<td>10<\/td>\n<td>0.381<\/td>\n<td>64.07<\/td>\n<td>6,535<\/td>\n<\/tr>\n<tr>\n<td>11<\/td>\n<td>0.461<\/td>\n<td>77.53<\/td>\n<td>7,908<\/td>\n<\/tr>\n<tr>\n<td>12<\/td>\n<td>0.549<\/td>\n<td>92.27<\/td>\n<td>9,411<\/td>\n<\/tr>\n<tr>\n<td>13<\/td>\n<td>0.644<\/td>\n<td>108.29<\/td>\n<td>11,045<\/td>\n<\/tr>\n<tr>\n<td>14<\/td>\n<td>0.747<\/td>\n<td>125.59<\/td>\n<td>12,809<\/td>\n<\/tr>\n<tr>\n<td>16<\/td>\n<td>0.975<\/td>\n<td>164.03<\/td>\n<td>16,731<\/td>\n<\/tr>\n<tr>\n<td>18<\/td>\n<td>1.234<\/td>\n<td>207.60<\/td>\n<td>21,175<\/td>\n<\/tr>\n<tr>\n<td>20<\/td>\n<td>1.524<\/td>\n<td>256.30<\/td>\n<td>26,142<\/td>\n<\/tr>\n<\/tbody>\n<\/table>\n<h3><em>Our products had exported to many regions like North America, South America, Europe, Africa, Asia, Middle East, etc. Our factory professional made steel wire rope ,steel cable ,aircraft ,china,hardware over 20 years experience .20000tons annual yeild are a solid gurantee of qualified products for you. Guarantee excellent quality. We also could do OEM services, can well meet clients&#8217; needs and requests.<\/em><\/h3>\n<p>&nbsp;<\/p>\n<p><strong>Welcome to visit our factory!<\/strong><\/p>\n<p><strong>contact person:Rocky<\/strong><\/p>\n<p><strong>Phone\/whatsapp:+86 13801785300<\/strong><\/p>\n<p><strong>Skype:rockyyao79<\/strong><\/p>\n","protected":false},"excerpt":{"rendered":"<p>Whipchecks s\u00e3o prendedores de mangueira feitos de a\u00e7o resistente \u00e0 corros\u00e3o, de alta resist\u00eancia \u2013 alum\u00ednio, cobre ou a\u00e7o inoxid\u00e1vel que, na instala\u00e7\u00e3o, desviam a tens\u00e3o do acoplamento para o chicote.<\/p>\n<p>A instala\u00e7\u00e3o do whipcheck \u00e9 f\u00e1cil e n\u00e3o requer ferramentas - os la\u00e7os com mola do whipcheck s\u00e3o abertos e deslizados sobre cada mangueira, proporcionando um aperto firme na mangueira e evitando que ela bata em caso de acidentes. Whipchecks s\u00e3o comumente usados em mangueiras para ar, jato de \u00e1gua, perfura\u00e7\u00e3o, vapor, concreto, jato de areia ou outras aplica\u00e7\u00f5es de alta press\u00e3o.<\/p>","protected":false},"featured_media":70849,"comment_status":"open","ping_status":"closed","template":"","meta":{"site-sidebar-layout":"","site-content-layout":"","ast-site-content-layout":"default","site-content-style":"default","site-sidebar-style":"default","ast-global-header-display":"","ast-banner-title-visibility":"","ast-main-header-display":"","ast-hfb-above-header-display":"","ast-hfb-below-header-display":"","ast-hfb-mobile-header-display":"","site-post-title":"","ast-breadcrumbs-content":"","ast-featured-img":"","footer-sml-layout":"","ast-disable-related-posts":"","theme-transparent-header-meta":"","adv-header-id-meta":"","stick-header-meta":"","header-above-stick-meta":"","header-main-stick-meta":"","header-below-stick-meta":"","astra-migrate-meta-layouts":"default","ast-page-background-enabled":"default","ast-page-background-meta":{"desktop":{"background-color":"","background-image":"","background-repeat":"repeat","background-position":"center center","background-size":"auto","background-attachment":"scroll","background-type":"","background-media":"","overlay-type":"","overlay-color":"","overlay-opacity":"","overlay-gradient":""},"tablet":{"background-color":"","background-image":"","background-repeat":"repeat","background-position":"center center","background-size":"auto","background-attachment":"scroll","background-type":"","background-media":"","overlay-type":"","overlay-color":"","overlay-opacity":"","overlay-gradient":""},"mobile":{"background-color":"","background-image":"","background-repeat":"repeat","background-position":"center center","background-size":"auto","background-attachment":"scroll","background-type":"","background-media":"","overlay-type":"","overlay-color":"","overlay-opacity":"","overlay-gradient":""}},"ast-content-background-meta":{"desktop":{"background-color":"var(--ast-global-color-5)","background-image":"","background-repeat":"repeat","background-position":"center center","background-size":"auto","background-attachment":"scroll","background-type":"","background-media":"","overlay-type":"","overlay-color":"","overlay-opacity":"","overlay-gradient":""},"tablet":{"background-color":"var(--ast-global-color-5)","background-image":"","background-repeat":"repeat","background-position":"center center","background-size":"auto","background-attachment":"scroll","background-type":"","background-media":"","overlay-type":"","overlay-color":"","overlay-opacity":"","overlay-gradient":""},"mobile":{"background-color":"var(--ast-global-color-5)","background-image":"","background-repeat":"repeat","background-position":"center center","background-size":"auto","background-attachment":"scroll","background-type":"","background-media":"","overlay-type":"","overlay-color":"","overlay-opacity":"","overlay-gradient":""}}},"product_brand":[],"product_cat":[621,94],"product_tag":[102,98],"class_list":{"0":"post-70814","1":"product","2":"type-product","3":"status-publish","4":"has-post-thumbnail","6":"product_cat-new-arrival","7":"product_cat-wire-rope-assembly","8":"product_tag-hose-whipcheck","9":"product_tag-lifting-gears","10":"desktop-align-center","11":"tablet-align-center","12":"mobile-align-center","13":"ast-product-gallery-layout-horizontal","14":"ast-product-tabs-layout-horizontal","16":"first","17":"instock","18":"shipping-taxable","19":"product-type-simple"},"_links":{"self":[{"href":"https:\/\/www.lkingroup.co\/pt\/wp-json\/wp\/v2\/product\/70814","targetHints":{"allow":["GET"]}}],"collection":[{"href":"https:\/\/www.lkingroup.co\/pt\/wp-json\/wp\/v2\/product"}],"about":[{"href":"https:\/\/www.lkingroup.co\/pt\/wp-json\/wp\/v2\/types\/product"}],"replies":[{"embeddable":true,"href":"https:\/\/www.lkingroup.co\/pt\/wp-json\/wp\/v2\/comments?post=70814"}],"wp:featuredmedia":[{"embeddable":true,"href":"https:\/\/www.lkingroup.co\/pt\/wp-json\/wp\/v2\/media\/70849"}],"wp:attachment":[{"href":"https:\/\/www.lkingroup.co\/pt\/wp-json\/wp\/v2\/media?parent=70814"}],"wp:term":[{"taxonomy":"product_brand","embeddable":true,"href":"https:\/\/www.lkingroup.co\/pt\/wp-json\/wp\/v2\/product_brand?post=70814"},{"taxonomy":"product_cat","embeddable":true,"href":"https:\/\/www.lkingroup.co\/pt\/wp-json\/wp\/v2\/product_cat?post=70814"},{"taxonomy":"product_tag","embeddable":true,"href":"https:\/\/www.lkingroup.co\/pt\/wp-json\/wp\/v2\/product_tag?post=70814"}],"curies":[{"name":"wp","href":"https:\/\/api.w.org\/{rel}","templated":true}]}}