{"id":71049,"date":"2022-03-26T20:02:31","date_gmt":"2022-03-26T12:02:31","guid":{"rendered":"https:\/\/www.lkingroup.co\/?post_type=product&#038;p=71049"},"modified":"2022-03-26T20:48:02","modified_gmt":"2022-03-26T12:48:02","slug":"inele-chei-fancy-stil-personalizat-fabricate-de-sarma-de-otel","status":"publish","type":"product","link":"https:\/\/www.lkingroup.co\/ro\/shop\/customized-style-fancy-key-rings-made-by-steel-wire-rope","title":{"rendered":"Brelocuri fanteziste \u00een stil personalizat realizate din funie de o\u021bel"},"content":{"rendered":"<div data-section=\"AliPostDhMb-zttn0\" data-section-title=\"Product Description\" id=\"ali-anchor-AliPostDhMb-zttn0\" style=\"padding-top: 8px\">\n<div id=\"ali-title-AliPostDhMb-zttn0\" style=\"padding: 8px 0;border-bottom: 1px solid #ddd\">     <span style=\"background-color: #ddd;color: #333;font-weight: bold;padding: 8px 10px;line-height: 12px\">Descriere produs<\/span>    <\/div>\n<div style=\"padding: 10px 0\">\n<table border=\"1\" style=\"margin: 0px;padding: 0px;font-style: normal;font-weight: 400;font-size: 12px;line-height: inherit;font-family: Arial,Helvetica;border-collapse: collapse;width: 679px;color: #333333;background-color: #ffffff\">\n<tbody>\n<tr style=\"margin: 0px;padding: 0px;font-style: inherit;font-weight: inherit;font-size: 12px;line-height: inherit;height: 32px\">\n<td style=\"margin: 0px;padding: 0px;font-style: inherit;font-weight: 400;font-size: 12px;line-height: inherit;float: none;width: 163px;height: 32px\"><span style=\"color: #000000\"><strong><span style=\"font-family: Calibri, 'zapf dingbats';font-size: 18px\"><span style=\"margin: 0px;padding: 0px;border: 0px;font-style: inherit;line-height: 27px;vertical-align: baseline\">Material<\/span><\/span><\/strong><\/span><\/td>\n<td style=\"margin: 0px;padding: 0px;font-style: inherit;font-weight: 400;font-size: 12px;line-height: inherit;float: none;width: 514px;height: 32px\">\n<p style=\"margin: 0px;padding: 0px;border: 0px;font-style: inherit;font-weight: inherit;font-size: inherit;line-height: inherit;vertical-align: baseline\"><span style=\"margin: 0px;padding: 0px;border: 0px;font-style: inherit;line-height: 27px;vertical-align: baseline;font-family: Calibri, 'zapf dingbats';font-size: 18px;color: #000000\">o\u021bel galvanizat sau o\u021bel inoxidabil<\/span><\/p>\n<\/td>\n<\/tr>\n<tr style=\"margin: 0px;padding: 0px;font-style: inherit;font-weight: inherit;font-size: 12px;line-height: inherit;height: 30px\">\n<td style=\"margin: 0px;padding: 0px;font-style: inherit;font-weight: 400;font-size: 12px;line-height: inherit;float: none;width: 163px;height: 30px\"><span style=\"color: #000000;font-family: Calibri, 'zapf dingbats'\"><strong><span style=\"font-size: 18px\"><span style=\"margin: 0px;padding: 0px;border: 0px;font-style: inherit;line-height: 27px;vertical-align: baseline\"><span style=\"font-style: normal;text-align: left;background-color: #ffffff;float: none\">Constructie<\/span><\/span><\/span><\/strong><\/span><\/td>\n<td style=\"margin: 0px;padding: 0px;font-style: inherit;font-weight: 400;font-size: 12px;line-height: inherit;float: none;width: 514px;height: 30px\"><span style=\"font-size: 18px;color: #000000;font-family: Calibri, 'zapf dingbats'\">1\u00d77, 1\u00d719, 6\u00d77, 7\u00d77, 6\u00d719, 7\u00d719 etc.<\/span><\/td>\n<\/tr>\n<tr style=\"margin: 0px;padding: 0px;font-style: inherit;font-weight: inherit;font-size: 12px;line-height: inherit;height: 30px\">\n<td style=\"margin: 0px;padding: 0px;font-style: inherit;font-weight: 400;font-size: 12px;line-height: inherit;float: none;width: 163px;height: 30px\"><span style=\"color: #000000;font-family: Calibri, 'zapf dingbats'\"><strong><span style=\"font-size: 18px\"><span style=\"margin: 0px;padding: 0px;border: 0px;font-style: inherit;line-height: 27px;vertical-align: baseline\">Diametru<\/span><\/span><\/strong><\/span><\/td>\n<td style=\"margin: 0px;padding: 0px;font-style: inherit;font-weight: 400;font-size: 12px;line-height: inherit;float: none;width: 514px;height: 30px\"><span style=\"color: #000000;font-family: Calibri, 'zapf dingbats';font-size: 18px;font-style: normal;font-weight: 400;text-align: left;background-color: #ffffff;float: none\">1-20 mm<\/span><\/td>\n<\/tr>\n<tr style=\"margin: 0px;padding: 0px;font-style: inherit;font-weight: inherit;font-size: 12px;line-height: inherit;height: 30px\">\n<td style=\"margin: 0px;padding: 0px;font-style: inherit;font-weight: 400;font-size: 12px;line-height: inherit;float: none;width: 163px;height: 30px\"><span style=\"color: #000000;font-family: Calibri, 'zapf dingbats'\"><strong><span style=\"font-size: 18px\"><span style=\"margin: 0px;padding: 0px;border: 0px;font-style: inherit;line-height: 27px;vertical-align: baseline\">Ambalare<\/span><\/span><\/strong><\/span><\/td>\n<td style=\"margin: 0px;padding: 0px;font-style: inherit;font-weight: 400;font-size: 12px;line-height: inherit;float: none;width: 514px;height: 30px\"><span style=\"color: #000000;font-size: 18px;font-style: normal;font-weight: 400;text-align: left;background-color: #ffffff;float: none;font-family: Calibri, 'zapf dingbats'\"><span style=\"color: #000000;font-size: 18px;font-style: normal;font-weight: 400;text-align: left;background-color: #ffffff;float: none\">Bobine din lemn, bobine<\/span><\/span><\/td>\n<\/tr>\n<tr style=\"margin: 0px;padding: 0px;font-style: inherit;font-weight: inherit;font-size: 12px;line-height: inherit;height: 30px\">\n<td style=\"margin: 0px;padding: 0px;font-style: inherit;font-weight: 400;font-size: 12px;line-height: inherit;float: none;width: 163px;height: 30px\"><span style=\"color: #000000;font-family: Calibri, 'zapf dingbats'\"><strong><span style=\"font-size: 18px\"><span style=\"margin: 0px;padding: 0px;border: 0px;font-style: inherit;line-height: 27px;vertical-align: baseline\">Cod HS<\/span><\/span><\/strong><\/span><\/td>\n<td style=\"margin: 0px;padding: 0px;font-style: inherit;font-weight: 400;font-size: 12px;line-height: inherit;float: none;width: 514px;height: 30px\"><span style=\"color: #000000;font-family: Calibri, 'zapf dingbats';font-size: 18px;font-style: normal;font-weight: 400;text-align: left;background-color: #ffffff;float: none\">7312100000<\/span><\/td>\n<\/tr>\n<tr style=\"margin: 0px;padding: 0px;font-style: inherit;font-weight: inherit;font-size: 12px;line-height: inherit;height: 30px\">\n<td style=\"margin: 0px;padding: 0px;font-style: inherit;font-weight: 400;font-size: 12px;line-height: inherit;float: none;width: 163px;height: 30px\"><span style=\"color: #000000\"><strong><span style=\"font-family: Calibri, 'zapf dingbats';font-size: 18px\"><span style=\"margin: 0px;padding: 0px;border: 0px;font-style: inherit;line-height: 27px;vertical-align: baseline\">Locul de origine<\/span><\/span><\/strong><\/span><\/td>\n<td style=\"margin: 0px;padding: 0px;font-style: inherit;font-weight: 400;font-size: 12px;line-height: inherit;float: none;width: 514px;height: 30px\"><span style=\"margin: 0px;padding: 0px;border: 0px;font-style: inherit;line-height: 27px;vertical-align: baseline;font-family: Calibri, 'zapf dingbats';font-size: 18px;color: #000000\">Shanghai, China<\/span><\/td>\n<\/tr>\n<tr style=\"margin: 0px;padding: 0px;font-style: inherit;font-weight: inherit;font-size: 12px;line-height: inherit;height: 54px\">\n<td style=\"margin: 0px;padding: 0px;font-style: inherit;font-weight: 400;font-size: 12px;line-height: inherit;float: none;width: 163px;height: 54px\"><span style=\"color: #000000\"><strong><span style=\"font-family: Calibri, 'zapf dingbats';font-size: 18px\"><span style=\"margin: 0px;padding: 0px;border: 0px;font-style: inherit;line-height: 27px;vertical-align: baseline\">Prob\u0103<\/span><\/span><\/strong><\/span><\/td>\n<td style=\"margin: 0px;padding: 0px;font-style: inherit;font-weight: 400;font-size: 12px;line-height: inherit;float: none;width: 514px;height: 54px\"><span style=\"margin: 0px;padding: 0px;border: 0px;font-style: inherit;line-height: 27px;vertical-align: baseline;font-family: Calibri, 'zapf dingbats';font-size: 18px;color: #000000\">Putem furniza mostre de referin\u021b\u0103 dac\u0103 sunt disponibile \u00een stoc, dar costul de livrare a mostrei ar trebui suportat de client.<\/span><\/td>\n<\/tr>\n<\/tbody>\n<\/table><\/div>\n<\/p><\/div>\n<div data-section=\"AliPostDhMb-h7vp7\" data-section-title=\"Product Show\" id=\"ali-anchor-AliPostDhMb-h7vp7\" style=\"padding-top: 8px\">\n<div id=\"ali-title-AliPostDhMb-h7vp7\" style=\"padding: 8px 0;border-bottom: 1px solid #ddd\">     <span style=\"background-color: #ddd;color: #333;font-weight: bold;padding: 8px 10px;line-height: 12px\">plasare de produs<\/span>    <\/div>\n<div style=\"padding: 10px 0\">\n<p>&nbsp;<img decoding=\"async\" alt=\"Brelocuri fanteziste \u00een stil personalizat realizate din funie de o\u021bel\" src=\"\/\/sc01.alicdn.com\/kf\/Ha78553e6cbe04a9e9fd5abdbabc01c49S\/237848973\/Ha78553e6cbe04a9e9fd5abdbabc01c49S.jpg\"><img decoding=\"async\" alt=\"Brelocuri fanteziste \u00een stil personalizat realizate din funie de o\u021bel\" src=\"\/\/sc01.alicdn.com\/kf\/Hce305067398e44fda34209b6ee7484d46\/237848973\/Hce305067398e44fda34209b6ee7484d46.jpg\"><img decoding=\"async\" alt=\"Brelocuri fanteziste \u00een stil personalizat realizate din funie de o\u021bel\" src=\"\/\/sc02.alicdn.com\/kf\/H159a17f1ea9e4c53957ff65b26db7f83A\/237848973\/H159a17f1ea9e4c53957ff65b26db7f83A.jpg\"><img decoding=\"async\" alt=\"Brelocuri fanteziste \u00een stil personalizat realizate din funie de o\u021bel\" src=\"\/\/sc01.alicdn.com\/kf\/Hfe286bb152d747bfb85215e163d92a91x\/237848973\/Hfe286bb152d747bfb85215e163d92a91x.jpg\"><\/p>\n<\/p><\/div>\n<\/p><\/div>\n<div data-section=\"AliPostDhMb-s50yr\" data-section-title=\"Application\" id=\"ali-anchor-AliPostDhMb-s50yr\" style=\"padding-top: 8px\">\n<div id=\"ali-title-AliPostDhMb-s50yr\" style=\"padding: 8px 0;border-bottom: 1px solid #ddd\">     <span style=\"background-color: #ddd;color: #333;font-weight: bold;padding: 8px 10px;line-height: 12px\">Aplica\u021bie<\/span>    <\/div>\n<div style=\"padding: 10px 0\">\n<p>&nbsp;<img decoding=\"async\" alt=\"Brelocuri fanteziste \u00een stil personalizat realizate din funie de o\u021bel\" src=\"\/\/sc01.alicdn.com\/kf\/H40c712b45c9d4748b75f3609b455a23c0\/237848973\/H40c712b45c9d4748b75f3609b455a23c0.jpg\"><\/p>\n<\/p><\/div>\n<p>    <span style=\"background-color: #ddd;color: #333;font-weight: bold;padding: 8px 10px;line-height: 12px\">Fluxul de produc\u021bie<\/span>   <\/div>\n<div data-section=\"AliPostDhMb-ji1d8\" data-section-title=\"FAQ\" id=\"ali-anchor-AliPostDhMb-ji1d8\" style=\"padding-top: 8px\">\n<div id=\"ali-title-AliPostDhMb-ji1d8\" style=\"padding: 8px 0;border-bottom: 1px solid #ddd\">\n<table border=\"1\" cellpadding=\"1\" cellspacing=\"1\" style=\"width: 650px\">\n<tbody>\n<tr>\n<td style=\"text-align: center\"><strong>Nu.<\/strong><\/td>\n<td style=\"text-align: center\"><strong>Proces de produc\u021bie<\/strong><\/td>\n<td style=\"text-align: center\"><strong>Nu.<\/strong><\/td>\n<td style=\"text-align: center\"><strong>Proces de produc\u021bie<\/strong><\/td>\n<td style=\"text-align: center\"><strong>Nu.<\/strong><\/td>\n<td style=\"text-align: center\"><strong>Proces de produc\u021bie<\/strong><\/td>\n<\/tr>\n<tr>\n<td style=\"text-align: center\"><strong>1<\/strong><\/td>\n<td style=\"text-align: center\">\n<p><strong><img decoding=\"async\" src=\"https:\/\/s3.amazonaws.com\/image-album\/126518\/20200630\/4bd8df0169c75adce42ed44606df4aec.jpg\" alt=\"\"><br \/> Materii prime<\/strong><\/p>\n<\/td>\n<td style=\"text-align: center\"><strong>2<\/strong><\/td>\n<td style=\"text-align: center\">\n<p><strong><img decoding=\"async\" src=\"https:\/\/s3.amazonaws.com\/image-album\/126518\/20200630\/5728bb1b5dbc472506c88d085b737a5c.jpg\" alt=\"\"><br \/> Ma\u0219in\u0103 de banc\u0103 de desen<\/strong><\/p>\n<\/td>\n<td style=\"text-align: center\"><strong>3<\/strong><\/td>\n<td style=\"text-align: center\">\n<p><strong><img decoding=\"async\" src=\"https:\/\/s3.amazonaws.com\/image-album\/126518\/20200630\/2d0d503c03f15e3a3cb903d3ca4430c4.jpg\" alt=\"\"><br \/> Twister dublu de mare vitez\u0103<\/strong><\/p>\n<\/td>\n<\/tr>\n<tr>\n<td style=\"text-align: center\"><strong>4<\/strong><\/td>\n<td style=\"text-align: center\">\n<p><strong><img decoding=\"async\" src=\"https:\/\/s3.amazonaws.com\/image-album\/126518\/20200630\/274f366ae5221da23ec4b2ba104c9a43.jpg\" alt=\"\"><br \/> Twister de mare vitez\u0103<\/strong><\/p>\n<\/td>\n<td style=\"text-align: center\"><strong>5<\/strong><\/td>\n<td style=\"text-align: center\">\n<p><strong><img decoding=\"async\" src=\"https:\/\/s3.amazonaws.com\/image-album\/126518\/20200630\/a89d9ae1a7fbb9891ab574424a022353.jpg\" alt=\"\"><br \/> Masina de inchidere<\/strong><\/p>\n<\/td>\n<td style=\"text-align: center\"><strong>6<\/strong><\/td>\n<td style=\"text-align: center\">\n<p><strong><img decoding=\"async\" src=\"https:\/\/s3.amazonaws.com\/image-album\/126518\/20200630\/f7eaabcce7102b877119c9e203634340.jpg\" alt=\"\"><br \/> Depozit<\/strong><\/p>\n<\/td>\n<\/tr>\n<\/tbody>\n<\/table>\n<div style=\"text-align: center\">      &nbsp;     <\/div>\n<\/p><\/div>\n<\/p><\/div>\n<p>   <strong>FAQ<\/strong>   <\/p>\n<p>\u00ce: Produc\u0103tor sau comerciant?<br \/> R: Suntem un produc\u0103tor \u00een industria s\u00e2rmei de mai bine de 20 de ani.&nbsp;<\/p>\n<p> \u00ce: Capacitate de produc\u021bie?<br \/> R: Capacitatea de produc\u021bie total\u0103 este de 9.000 de tone pe lun\u0103. Capacitatea de produc\u021bie a acestui produs este de 1.500 de tone pe lun\u0103.<\/p>\n<p> \u00ce: Pia\u021ba principal\u0103?<br \/> R: Pia\u021ba noastr\u0103 principal\u0103 este clien\u021bii str\u0103ini. 80% din produse sunt pentru export. Principalele \u021b\u0103ri sunt Japonia, Coreea de Sud, zona Asiei de Sud, Europa, America, Canada \u0219i America de Sud etc.<\/p>\n<p> \u00ce: Ce informa\u021bii ar trebui s\u0103 furnizez atunci c\u00e2nd \u00eentreb?<br \/> A: Diametrul \u00eenainte de acoperirea PVC; dup\u0103 acoperirea PVC, cerin\u021ba de acoperire cu zinc asem\u0103n\u0103toare s\u00e2rmei de baz\u0103, rezisten\u021b\u0103 la trac\u021biune, ambalare, culoare<\/p>\n<p> \u00ce: Care este MOQ-ul?<br \/> R: Pentru verificarea calit\u0103\u021bii, accept\u0103m comenzi \u00een cantit\u0103\u021bi mici, cum ar fi o bobin\u0103. Pentru o cooperare normal\u0103, prefer\u0103m cantitatea de containere FCL pentru a asigura siguran\u021ba m\u0103rfurilor \u00een transport.<\/p>\n<p> \u00ce: Care este termenul de plat\u0103?<br \/> A: T\/T; L\/C; D\/P etc<\/p>\n<p> \u00ce: Prob\u0103 gratuit\u0103 disponibil\u0103?<br \/> A: Da. Este disponibil\u0103 o prob\u0103 gratuit\u0103 \u00een maximum 1 kg<\/p>\n<p> \u00ce: Inspec\u021bie ter\u021b\u0103 parte disponibil\u0103?<br \/> R: Da, disponibil. Taxele revin cump\u0103r\u0103torului.<\/p>","protected":false},"excerpt":{"rendered":"<p>Product Description Material galvanized steel or stainless steel Constuction 1&#215;7, 1&#215;19, 6&#215;7, 7&#215;7, 6&#215;19, 7&#215;19, etc Diameter 1-20mm Packing Wooden reels, coils HS Code 7312100000 Place of Origin Shanghai, China Sample We&nbsp;can provide reference samples if available in stock, but the sample delivery cost should be borne by customer. Product Show &nbsp; Application &nbsp; Production [&hellip;]<\/p>\n","protected":false},"featured_media":71190,"comment_status":"open","ping_status":"closed","template":"","meta":{"site-sidebar-layout":"","site-content-layout":"","ast-site-content-layout":"default","site-content-style":"default","site-sidebar-style":"default","ast-global-header-display":"","ast-banner-title-visibility":"","ast-main-header-display":"","ast-hfb-above-header-display":"","ast-hfb-below-header-display":"","ast-hfb-mobile-header-display":"","site-post-title":"","ast-breadcrumbs-content":"","ast-featured-img":"","footer-sml-layout":"","ast-disable-related-posts":"","theme-transparent-header-meta":"","adv-header-id-meta":"","stick-header-meta":"","header-above-stick-meta":"","header-main-stick-meta":"","header-below-stick-meta":"","astra-migrate-meta-layouts":"default","ast-page-background-enabled":"default","ast-page-background-meta":{"desktop":{"background-color":"","background-image":"","background-repeat":"repeat","background-position":"center center","background-size":"auto","background-attachment":"scroll","background-type":"","background-media":"","overlay-type":"","overlay-color":"","overlay-opacity":"","overlay-gradient":""},"tablet":{"background-color":"","background-image":"","background-repeat":"repeat","background-position":"center center","background-size":"auto","background-attachment":"scroll","background-type":"","background-media":"","overlay-type":"","overlay-color":"","overlay-opacity":"","overlay-gradient":""},"mobile":{"background-color":"","background-image":"","background-repeat":"repeat","background-position":"center center","background-size":"auto","background-attachment":"scroll","background-type":"","background-media":"","overlay-type":"","overlay-color":"","overlay-opacity":"","overlay-gradient":""}},"ast-content-background-meta":{"desktop":{"background-color":"var(--ast-global-color-5)","background-image":"","background-repeat":"repeat","background-position":"center center","background-size":"auto","background-attachment":"scroll","background-type":"","background-media":"","overlay-type":"","overlay-color":"","overlay-opacity":"","overlay-gradient":""},"tablet":{"background-color":"var(--ast-global-color-5)","background-image":"","background-repeat":"repeat","background-position":"center center","background-size":"auto","background-attachment":"scroll","background-type":"","background-media":"","overlay-type":"","overlay-color":"","overlay-opacity":"","overlay-gradient":""},"mobile":{"background-color":"var(--ast-global-color-5)","background-image":"","background-repeat":"repeat","background-position":"center center","background-size":"auto","background-attachment":"scroll","background-type":"","background-media":"","overlay-type":"","overlay-color":"","overlay-opacity":"","overlay-gradient":""}}},"product_brand":[],"product_cat":[94],"product_tag":[],"class_list":{"0":"post-71049","1":"product","2":"type-product","3":"status-publish","4":"has-post-thumbnail","6":"product_cat-wire-rope-assembly","7":"desktop-align-center","8":"tablet-align-center","9":"mobile-align-center","10":"ast-product-gallery-layout-horizontal","11":"ast-product-tabs-layout-horizontal","13":"first","14":"instock","15":"shipping-taxable","16":"purchasable","17":"product-type-simple"},"_links":{"self":[{"href":"https:\/\/www.lkingroup.co\/ro\/wp-json\/wp\/v2\/product\/71049","targetHints":{"allow":["GET"]}}],"collection":[{"href":"https:\/\/www.lkingroup.co\/ro\/wp-json\/wp\/v2\/product"}],"about":[{"href":"https:\/\/www.lkingroup.co\/ro\/wp-json\/wp\/v2\/types\/product"}],"replies":[{"embeddable":true,"href":"https:\/\/www.lkingroup.co\/ro\/wp-json\/wp\/v2\/comments?post=71049"}],"wp:featuredmedia":[{"embeddable":true,"href":"https:\/\/www.lkingroup.co\/ro\/wp-json\/wp\/v2\/media\/71190"}],"wp:attachment":[{"href":"https:\/\/www.lkingroup.co\/ro\/wp-json\/wp\/v2\/media?parent=71049"}],"wp:term":[{"taxonomy":"product_brand","embeddable":true,"href":"https:\/\/www.lkingroup.co\/ro\/wp-json\/wp\/v2\/product_brand?post=71049"},{"taxonomy":"product_cat","embeddable":true,"href":"https:\/\/www.lkingroup.co\/ro\/wp-json\/wp\/v2\/product_cat?post=71049"},{"taxonomy":"product_tag","embeddable":true,"href":"https:\/\/www.lkingroup.co\/ro\/wp-json\/wp\/v2\/product_tag?post=71049"}],"curies":[{"name":"wp","href":"https:\/\/api.w.org\/{rel}","templated":true}]}}